{"id":559,"date":"2025-02-07T23:38:25","date_gmt":"2025-02-07T15:38:25","guid":{"rendered":"https:\/\/meettfit.com\/?page_id=559"},"modified":"2025-03-07T17:48:51","modified_gmt":"2025-03-07T09:48:51","slug":"faqs","status":"publish","type":"page","link":"https:\/\/meettfit.com\/pt\/perguntas-frequentes\/","title":{"rendered":"FAQs"},"content":{"rendered":"<section class=\"section\" id=\"section_161073366\">\n\t\t<div class=\"section-bg fill\" >\n\t\t\t\t\t\t\t\t\t\n\t\t\t\n\n\t\t<\/div>\n\n\t\t\n\n\t\t<div class=\"section-content relative\">\n\t\t\t\n\n  <div class=\"banner has-hover\" id=\"banner-1445920896\">\n          <div class=\"banner-inner fill\">\n        <div class=\"banner-bg fill\" >\n            <img loading=\"lazy\" decoding=\"async\" width=\"1808\" height=\"720\" src=\"https:\/\/meettfit.com\/wp-content\/uploads\/2025\/02\/faq.webp\" class=\"bg attachment-original size-original\" alt=\"Perguntas frequentes\" \/>                        <div class=\"overlay\"><\/div>            \n                    <\/div>\n\t\t\n        <div class=\"banner-layers container\">\n            <div class=\"fill banner-link\"><\/div>            \n   <div id=\"text-box-284296173\" class=\"text-box banner-layer x50 md-x50 lg-x50 y90 md-y25 lg-y50 res-text\">\n                     <div data-animate=\"fadeInLeft\">           <div class=\"text-box-content text dark text-shadow-2\">\n              \n              <div class=\"text-inner text-center\">\n                  \n<div class=\"row\"  id=\"row-650234734\">\n\n\t<div id=\"col-881587342\" class=\"col small-12 large-12\"  data-animate=\"fadeInLeft\">\n\t\t\t\t<div class=\"col-inner\"  >\n\t\t\t\n\t\t\t\n\t<div id=\"text-4163411723\" class=\"text\">\n\t\t\n<h3 class=\"uppercase\"><strong>FAqs<\/strong><\/h3>\n\t\t\n<style>\n#text-4163411723 {\n  font-size: 1.6rem;\n  text-align: center;\n}\n@media (min-width:550px) {\n  #text-4163411723 {\n    font-size: 1.85rem;\n  }\n}\n@media (min-width:850px) {\n  #text-4163411723 {\n    text-align: center;\n  }\n}\n<\/style>\n\t<\/div>\n\t\n\n<span><span><a href=\"https:\/\/meettfit.com\/pt\/\">In\u00edcio<\/a><\/span><\/span>\n\n\t\t<\/div>\n\t\t\t\t\t<\/div>\n\n\t\n<\/div>\n              <\/div>\n           <\/div>\n       <\/div>                     \n<style>\n#text-box-284296173 {\n  width: 81%;\n}\n#text-box-284296173 .text-box-content {\n  font-size: 179%;\n}\n@media (min-width:550px) {\n  #text-box-284296173 {\n    width: 80%;\n  }\n  #text-box-284296173 .text-box-content {\n    font-size: 100%;\n  }\n}\n<\/style>\n    <\/div>\n \n   <div id=\"text-box-1855431837\" class=\"text-box banner-layer hidden x95 md-x50 lg-x50 y50 md-y40 lg-y100 res-text\">\n                     <div data-animate=\"fadeInLeft\">           <div class=\"text-box-content text dark\">\n              \n              <div class=\"text-inner text-center\">\n                  \n<div class=\"row row-collapse\"  id=\"row-80857790\">\n\n\t<div id=\"col-1726707452\" class=\"col pb0 mb0 small-12 large-12\"  >\n\t\t\t\t<div class=\"col-inner text-center\"  >\n\t\t\t\n\t\t\t\n<a href=\"#multi-purpose-artificial-grass\" class=\"button white is-link pb0 mb0\"  >\n\t\t<span>Relva artificial multiusos<\/span>\n\t<\/a>\n\n<a href=\"#gym-turf-with-5mm-pu-foam\" class=\"button white is-link pb0 mb0\"  >\n\t\t<span>Relvado com espuma PU de 5 mm<\/span>\n\t<\/a>\n\n<a href=\"#sport-artificial-grass\" class=\"button white is-link pb0 mb0\"  >\n\t\t<span>relva artificial desportiva<\/span>\n\t<\/a>\n\n<a href=\"#landscaping-grass\" class=\"button white is-link pb0 mb0\"  >\n\t\t<span>Relva para paisagismo<\/span>\n\t<\/a>\n\n\t\t<\/div>\n\t\t\t\t\t<\/div>\n\n\t\n<\/div>\n              <\/div>\n           <\/div>\n       <\/div>                     \n<style>\n#text-box-1855431837 {\n  width: 81%;\n}\n#text-box-1855431837 .text-box-content {\n  font-size: 179%;\n}\n@media (min-width:550px) {\n  #text-box-1855431837 {\n    width: 100%;\n  }\n  #text-box-1855431837 .text-box-content {\n    font-size: 104%;\n  }\n}\n<\/style>\n    <\/div>\n \n        <\/div>\n      <\/div>\n\n            \n<style>\n#banner-1445920896 {\n  padding-top: 210px;\n  background-color: rgb(0, 0, 0);\n}\n#banner-1445920896 .overlay {\n  background-color: rgba(0, 0, 0, 0.541);\n}\n@media (min-width:550px) {\n  #banner-1445920896 {\n    padding-top: 591px;\n  }\n}\n@media (min-width:850px) {\n  #banner-1445920896 {\n    padding-top: 600px;\n  }\n}\n<\/style>\n  <\/div>\n\n\n\t\t<\/div>\n\n\t\t\n<style>\n#section_161073366 {\n  padding-top: 0px;\n  padding-bottom: 0px;\n}\n<\/style>\n\t<\/section>\n\t\n\n\t<section class=\"section\" id=\"section_1192703537\">\n\t\t<div class=\"section-bg fill\" >\n\t\t\t\t\t\t\t\t\t\n\t\t\t\n\n\t\t<\/div>\n\n\t\t\n\n\t\t<div class=\"section-content relative\">\n\t\t\t\n<div class=\"row row-large\"  id=\"row-1027476985\">\n\n\t<div id=\"col-1858013748\" class=\"col faq-list medium-6 small-12 large-6\"  >\n\t\t\t\t<div class=\"col-inner\"  >\n\t\t\t\n\t\t\t\n<div class=\"accordion\">\n\t<div id=\"accordion-1743655033\" class=\"accordion-item\">\n\t\t<a id=\"accordion-1743655033-label\" class=\"accordion-title plain active\" href=\"#accordion-item-how-do-i-choose-the-right-type-of-flooring-for-my-venue?\" aria-expanded=\"true\" aria-controls=\"accordion-1743655033-content\" >\n\t\t\t<button class=\"toggle\" aria-label=\"Alternar\"><i class=\"icon-angle-down\"><\/i><\/button>\n\t\t\t<span>Como \u00e9 que escolho o tipo de pavimento adequado para o meu espa\u00e7o?<\/span>\n\t\t<\/a>\n\t\t<div id=\"accordion-1743655033-content\" class=\"accordion-inner\" style=\"display: block;\" aria-labelledby=\"accordion-1743655033-label\" >\n\t\t\t\n<p>Os pavimentos de borracha s\u00e3o adequados para gin\u00e1sios, os pavimentos de PVC s\u00e3o ideais para campos de badminton e de t\u00e9nis de mesa interiores e os tapetes de tatami s\u00e3o adequados para salas de artes marciais. Podemos fornecer aconselhamento profissional com base nas suas necessidades espec\u00edficas.<\/p>\n\t\t<\/div>\n\t<\/div>\n\t\n\t<div id=\"accordion-608592659\" class=\"accordion-item\">\n\t\t<a id=\"accordion-608592659-label\" class=\"accordion-title plain\" href=\"#accordion-item-what-certifications-do-your-flooring-have?\" aria-expanded=\"false\" aria-controls=\"accordion-608592659-content\" >\n\t\t\t<button class=\"toggle\" aria-label=\"Alternar\"><i class=\"icon-angle-down\"><\/i><\/button>\n\t\t\t<span>Que certifica\u00e7\u00f5es t\u00eam os vossos pavimentos?<\/span>\n\t\t<\/a>\n\t\t<div id=\"accordion-608592659-content\" class=\"accordion-inner\" aria-labelledby=\"accordion-608592659-label\" >\n\t\t\t\n<p>Os nossos produtos passaram as certifica\u00e7\u00f5es CE e REACH, garantindo que s\u00e3o seguros e amigos do ambiente para os utilizadores.<\/p>\n\t\t<\/div>\n\t<\/div>\n\t\n\t<div id=\"accordion-1251444593\" class=\"accordion-item\">\n\t\t<a id=\"accordion-1251444593-label\" class=\"accordion-title plain\" href=\"#accordion-item-what-is-the-installation-process-for-flooring?-do-i-need-a-professional?\" aria-expanded=\"false\" aria-controls=\"accordion-1251444593-content\" >\n\t\t\t<button class=\"toggle\" aria-label=\"Alternar\"><i class=\"icon-angle-down\"><\/i><\/button>\n\t\t\t<span>Qual \u00e9 o processo de instala\u00e7\u00e3o de um pavimento? Preciso de um profissional?<\/span>\n\t\t<\/a>\n\t\t<div id=\"accordion-1251444593-content\" class=\"accordion-inner\" aria-labelledby=\"accordion-1251444593-label\" >\n\t\t\t\n<p>Os diferentes tipos de pavimentos t\u00eam diferentes m\u00e9todos de instala\u00e7\u00e3o. Alguns podem ser auto-instalados, enquanto outros podem exigir assist\u00eancia profissional. Fornecemos diretrizes de instala\u00e7\u00e3o detalhadas e podemos oferecer servi\u00e7os de instala\u00e7\u00e3o profissional, se necess\u00e1rio.<\/p>\n\t\t<\/div>\n\t<\/div>\n\t\n\t<div id=\"accordion-2434216244\" class=\"accordion-item\">\n\t\t<a id=\"accordion-2434216244-label\" class=\"accordion-title plain\" href=\"#accordion-item-how-do-i-maintain-and-clean-my-flooring-to-extend-its-lifespan?\" aria-expanded=\"false\" aria-controls=\"accordion-2434216244-content\" >\n\t\t\t<button class=\"toggle\" aria-label=\"Alternar\"><i class=\"icon-angle-down\"><\/i><\/button>\n\t\t\t<span>Como posso manter e limpar o meu pavimento para prolongar a sua vida \u00fatil?<\/span>\n\t\t<\/a>\n\t\t<div id=\"accordion-2434216244-content\" class=\"accordion-inner\" aria-labelledby=\"accordion-2434216244-label\" >\n\t\t\t\n<p>A limpeza regular e a manuten\u00e7\u00e3o adequada ajudam a prolongar a vida \u00fatil do seu pavimento. Oferecemos guias de manuten\u00e7\u00e3o e limpeza para cada tipo de pavimento, para garantir que o seu espa\u00e7o tem sempre o melhor aspeto.<\/p>\n\t\t<\/div>\n\t<\/div>\n\t\n\t<div id=\"accordion-1990993806\" class=\"accordion-item\">\n\t\t<a id=\"accordion-1990993806-label\" class=\"accordion-title plain\" href=\"#accordion-item-do-you-offer-customization-of-flooring?\" aria-expanded=\"false\" aria-controls=\"accordion-1990993806-content\" >\n\t\t\t<button class=\"toggle\" aria-label=\"Alternar\"><i class=\"icon-angle-down\"><\/i><\/button>\n\t\t\t<span>Oferecem personaliza\u00e7\u00e3o de pavimentos?<\/span>\n\t\t<\/a>\n\t\t<div id=\"accordion-1990993806-content\" class=\"accordion-inner\" aria-labelledby=\"accordion-1990993806-label\" >\n\t\t\t\n<p>Sim, fornecemos personaliza\u00e7\u00e3o em termos de tamanho, espessura, cor e padr\u00e3o para satisfazer as necessidades \u00fanicas de diferentes locais.<\/p>\n\t\t<\/div>\n\t<\/div>\n\t\n\t<div id=\"accordion-1315412213\" class=\"accordion-item\">\n\t\t<a id=\"accordion-1315412213-label\" class=\"accordion-title plain\" href=\"#accordion-item-how-durable-is-the-flooring?-what-is-its-service-life?\" aria-expanded=\"false\" aria-controls=\"accordion-1315412213-content\" >\n\t\t\t<button class=\"toggle\" aria-label=\"Alternar\"><i class=\"icon-angle-down\"><\/i><\/button>\n\t\t\t<span>Qual \u00e9 a durabilidade do pavimento? Qual \u00e9 o seu tempo de vida \u00fatil?<\/span>\n\t\t<\/a>\n\t\t<div id=\"accordion-1315412213-content\" class=\"accordion-inner\" aria-labelledby=\"accordion-1315412213-label\" >\n\t\t\t\n<p>Os nossos pavimentos s\u00e3o fabricados com materiais de alta qualidade, oferecendo uma excelente durabilidade. Com uma utiliza\u00e7\u00e3o normal e uma manuten\u00e7\u00e3o adequada, a vida \u00fatil dos materiais do pavimento pode exceder os seis anos.<\/p>\n\t\t<\/div>\n\t<\/div>\n\t\n\t<div id=\"accordion-374039603\" class=\"accordion-item\">\n\t\t<a id=\"accordion-374039603-label\" class=\"accordion-title plain\" href=\"#accordion-item-do-the-flooring-have-anti-slip-properties?\" aria-expanded=\"false\" aria-controls=\"accordion-374039603-content\" >\n\t\t\t<button class=\"toggle\" aria-label=\"Alternar\"><i class=\"icon-angle-down\"><\/i><\/button>\n\t\t\t<span>O pavimento tem propriedades antiderrapantes?<\/span>\n\t\t<\/a>\n\t\t<div id=\"accordion-374039603-content\" class=\"accordion-inner\" aria-labelledby=\"accordion-374039603-label\" >\n\t\t\t\n<p>O nosso pavimento foi concebido a pensar na seguran\u00e7a e possui boas propriedades antiderrapantes, o que o torna adequado para v\u00e1rios recintos desportivos e garante a seguran\u00e7a dos atletas.<\/p>\n\t\t<\/div>\n\t<\/div>\n\t\n\t<div id=\"accordion-3455730891\" class=\"accordion-item\">\n\t\t<a id=\"accordion-3455730891-label\" class=\"accordion-title plain\" href=\"#accordion-item-if-the-flooring-is-damaged,-do-you-provide-repair-or-replacement-services?\" aria-expanded=\"false\" aria-controls=\"accordion-3455730891-content\" >\n\t\t\t<button class=\"toggle\" aria-label=\"Alternar\"><i class=\"icon-angle-down\"><\/i><\/button>\n\t\t\t<span>Se o pavimento estiver danificado, prestam servi\u00e7os de repara\u00e7\u00e3o ou substitui\u00e7\u00e3o?<\/span>\n\t\t<\/a>\n\t\t<div id=\"accordion-3455730891-content\" class=\"accordion-inner\" aria-labelledby=\"accordion-3455730891-label\" >\n\t\t\t\n<p>Oferecemos servi\u00e7os p\u00f3s-venda completos, incluindo repara\u00e7\u00e3o e substitui\u00e7\u00e3o de pavimentos. Se tiver algum problema, pode contactar a nossa equipa de apoio ao cliente a qualquer momento.<\/p>\n\t\t<\/div>\n\t<\/div>\n\t\n\t<div id=\"accordion-4130259974\" class=\"accordion-item\">\n\t\t<a id=\"accordion-4130259974-label\" class=\"accordion-title plain\" href=\"#accordion-item-are-your-flooring-suitable-for-outdoor-areas?\" aria-expanded=\"false\" aria-controls=\"accordion-4130259974-content\" >\n\t\t\t<button class=\"toggle\" aria-label=\"Alternar\"><i class=\"icon-angle-down\"><\/i><\/button>\n\t\t\t<span>Os seus pavimentos s\u00e3o adequados para \u00e1reas exteriores?<\/span>\n\t\t<\/a>\n\t\t<div id=\"accordion-4130259974-content\" class=\"accordion-inner\" aria-labelledby=\"accordion-4130259974-label\" >\n\t\t\t\n<p>Fornecemos relva artificial e outros pavimentos adequados para espa\u00e7os exteriores, com resist\u00eancia \u00e0s intemp\u00e9ries e durabilidade para v\u00e1rios ambientes desportivos ao ar livre.<\/p>\n\t\t<\/div>\n\t<\/div>\n\t\n\t<div id=\"accordion-2117222859\" class=\"accordion-item\">\n\t\t<a id=\"accordion-2117222859-label\" class=\"accordion-title plain\" href=\"#accordion-item-are-your-flooring-fireproof?\" aria-expanded=\"false\" aria-controls=\"accordion-2117222859-content\" >\n\t\t\t<button class=\"toggle\" aria-label=\"Alternar\"><i class=\"icon-angle-down\"><\/i><\/button>\n\t\t\t<span>Os seus pavimentos s\u00e3o \u00e0 prova de fogo?<\/span>\n\t\t<\/a>\n\t\t<div id=\"accordion-2117222859-content\" class=\"accordion-inner\" aria-labelledby=\"accordion-2117222859-label\" >\n\t\t\t\n<p>Os nossos pavimentos cumprem as normas relevantes de preven\u00e7\u00e3o de inc\u00eandios e t\u00eam uma boa resist\u00eancia ao fogo para garantir uma utiliza\u00e7\u00e3o segura.<\/p>\n\t\t<\/div>\n\t<\/div>\n\t\n<\/div>\n\t\t<\/div>\n\t\t\t\t\t<\/div>\n\n\t\n\n\t<div id=\"col-1201369586\" class=\"col pb0 mb0 image medium-12 small-12 large-6\"  >\n\t\t\t\t<div class=\"col-inner text-left\"  >\n\t\t\t\n\t\t\t\n\t<div id=\"text-3552448381\" class=\"text pb0 mb0\">\n\t\t\n<h3>Contacte-nos para outras quest\u00f5es<\/h3>\n\t\t\n<style>\n#text-3552448381 {\n  font-size: 1.5rem;\n  line-height: 1.4;\n}\n@media (min-width:550px) {\n  #text-3552448381 {\n    font-size: 2rem;\n    line-height: 0.75;\n  }\n}\n@media (min-width:850px) {\n  #text-3552448381 {\n    font-size: 1.35rem;\n  }\n}\n<\/style>\n\t<\/div>\n\t\n\t<div id=\"gap-555078731\" class=\"gap-element clearfix\" style=\"display:block; height:auto;\">\n\t\t\n<style>\n#gap-555078731 {\n  padding-top: 30px;\n}\n<\/style>\n\t<\/div>\n\t\n\n<div class='fluentform ff-default fluentform_wrapper_2 ffs_default_wrap'><form data-form_id=\"2\" id=\"fluentform_2\" class=\"frm-fluent-form fluent_form_2 ff-el-form-top ff_form_instance_2_1 ff-form-loading ff_has_v3_recptcha ffs_default\" data-form_instance=\"ff_form_instance_2_1\" method=\"POST\" data-recptcha_key=\"6Le12tsqAAAAAB_sMsKbGMsL96BDVq9l-fnVixW2\" action=\"\" ><fieldset  style=\"border: none!important;margin: 0!important;padding: 0!important;background-color: transparent!important;box-shadow: none!important;outline: none!important; min-inline-size: 100%;\">\n                    <legend class=\"ff_screen_reader_title\" style=\"display: block; margin: 0!important;padding: 0!important;height: 0!important;text-indent: -999999px;width: 0!important;overflow:hidden;\">Contacto<\/legend><input type='hidden' name='__fluent_form_embded_post_id' value='559' \/><input type=\"hidden\" id=\"_fluentform_2_fluentformnonce\" name=\"_fluentform_2_fluentformnonce\" value=\"da2cc2a6f6\" \/><input type=\"hidden\" name=\"_wp_http_referer\" value=\"\/pt\/wp-json\/wp\/v2\/pages\/559\" \/><div class='ff-el-group'><div class=\"ff-el-input--label ff-el-is-required asterisk-right\"><label for='ff_2_Name' aria-label=\"Nome\">Nome<\/label><\/div><div class='ff-el-input--content'><input type=\"text\" name=\"Name\" class=\"ff-el-form-control\" placeholder=\"O seu nome\" data-name=\"Name\" id=\"ff_2_Name\"  aria-invalid=\"false\" aria-required=\"true\"><\/div><\/div><div class='ff-el-group'><div class=\"ff-el-input--label ff-el-is-required asterisk-right\"><label for='ff_2_email' aria-label=\"Correio eletr\u00f3nico\">Correio eletr\u00f3nico<\/label><\/div><div class='ff-el-input--content'><input type=\"email\" name=\"email\" id=\"ff_2_email\" class=\"ff-el-form-control\" placeholder=\"Endere\u00e7o de correio eletr\u00f3nico\" data-name=\"email\"  aria-invalid=\"false\" aria-required=\"true\"><\/div><\/div><div class='ff-el-group'><div class=\"ff-el-input--label asterisk-right\"><label for='ff_2_numeric_field' aria-label=\"N\u00famero de telefone\">N\u00famero de telefone<\/label><\/div><div class='ff-el-input--content'><input type=\"number\" name=\"numeric_field\" id=\"ff_2_numeric_field\" class=\"ff-el-form-control\" placeholder=\"N\u00famero de telefone\" data-name=\"numeric_field\" inputmode=\"numeric\" step=\"any\"  aria-invalid=\"false\" aria-required=\"false\"><\/div><\/div><div class='ff-el-group'><div class=\"ff-el-input--label ff-el-is-required asterisk-right\"><label for='ff_2_Message' aria-label=\"Mensagem\">Mensagem<\/label><\/div><div class='ff-el-input--content'><textarea aria-invalid=\"false\" aria-required=\"true\" name=\"Message\" id=\"ff_2_Message\" class=\"ff-el-form-control\" placeholder=\"Mensagem\" rows=\"6\" cols=\"6\" data-name=\"Message\" ><\/textarea><\/div><\/div><div class='ff-el-group ff-text-right ff_submit_btn_wrapper ff_submit_btn_wrapper_custom'><button class=\"ff-btn ff-btn-submit ff-btn-md expand  ff_btn_style\" type=\"submit\" name=\"custom_submit_button-2_1\" data-name=\"custom_submit_button-2_1\" >Enviar<\/button><style>form.fluent_form_2 .ff-btn-submit { background-color: #1a7efb; color: #ffffff; }<\/style><\/div><\/fieldset><input type=\"hidden\" name=\"trp-form-language\" value=\"pt\"\/><\/form><div id='fluentform_2_errors' class='ff-errors-in-stack ff_form_instance_2_1 ff-form-loading_errors ff_form_instance_2_1_errors'><\/div><\/div>        <script type=\"text\/javascript\">\n            window.fluent_form_ff_form_instance_2_1 = {\"id\":\"2\",\"settings\":{\"layout\":{\"labelPlacement\":\"top\",\"helpMessagePlacement\":\"with_label\",\"errorMessagePlacement\":\"inline\",\"asteriskPlacement\":\"asterisk-right\"},\"restrictions\":{\"denyEmptySubmission\":{\"enabled\":false}}},\"form_instance\":\"ff_form_instance_2_1\",\"form_id_selector\":\"fluentform_2\",\"rules\":{\"Name\":{\"required\":{\"value\":true,\"message\":\"This field is required\",\"global_message\":\"This field is required\",\"global\":true}},\"email\":{\"required\":{\"value\":true,\"message\":\"This field is required\",\"global_message\":\"This field is required\",\"global\":true},\"email\":{\"value\":true,\"message\":\"This field must contain a valid email\",\"global_message\":\"This field must contain a valid email\",\"global\":true}},\"numeric_field\":{\"required\":{\"value\":false,\"message\":\"This field is required\",\"global_message\":\"This field is required\",\"global\":true},\"numeric\":{\"value\":true,\"message\":\"This field must contain numeric value\",\"global_message\":\"This field must contain numeric value\",\"global\":true},\"min\":{\"value\":\"\",\"message\":\"Validation fails for minimum value\",\"global_message\":\"Validation fails for minimum value\",\"global\":true},\"max\":{\"value\":\"\",\"message\":\"Validation fails for maximum value\",\"global_message\":\"Validation fails for maximum value\",\"global\":true},\"digits\":{\"value\":\"\",\"message\":\"Validation fails for limited digits\",\"global_message\":\"Validation fails for limited digits\",\"global\":true}},\"Message\":{\"required\":{\"value\":true,\"message\":\"This field is required\",\"global_message\":\"This field is required\",\"global\":true}},\"g-recaptcha-response\":[]},\"debounce_time\":300};\n                    <\/script>\n        \n\n\t\t<\/div>\n\t\t\t\t\n<style>\n#col-1201369586 > .col-inner {\n  max-width: 600px;\n}\n<\/style>\n\t<\/div>\n\n\t\n<\/div>\n\t\t<\/div>\n\n\t\t\n<style>\n#section_1192703537 {\n  padding-top: 60px;\n  padding-bottom: 60px;\n}\n<\/style>\n\t<\/section>","protected":false},"excerpt":{"rendered":"","protected":false},"author":1,"featured_media":0,"parent":0,"menu_order":0,"comment_status":"closed","ping_status":"closed","template":"page-blank.php","meta":{"footnotes":""},"class_list":["post-559","page","type-page","status-publish","hentry"],"yoast_head":"<!-- This site is optimized with the Yoast SEO plugin v24.6 - https:\/\/yoast.com\/wordpress\/plugins\/seo\/ -->\n<title>FAQs - MF FLOOR<\/title>\n<meta name=\"robots\" content=\"index, follow, max-snippet:-1, max-image-preview:large, max-video-preview:-1\" \/>\n<link rel=\"canonical\" href=\"https:\/\/meettfit.com\/pt\/perguntas-frequentes\/\" \/>\n<meta property=\"og:locale\" content=\"pt_PT\" \/>\n<meta property=\"og:type\" content=\"article\" \/>\n<meta property=\"og:title\" content=\"FAQs - MF FLOOR\" \/>\n<meta property=\"og:url\" content=\"https:\/\/meettfit.com\/pt\/perguntas-frequentes\/\" \/>\n<meta property=\"og:site_name\" content=\"MF FLOOR\" \/>\n<meta property=\"article:publisher\" content=\"https:\/\/www.facebook.com\/profile.php?id=100079773047357\" \/>\n<meta property=\"article:modified_time\" content=\"2025-03-07T09:48:51+00:00\" \/>\n<meta property=\"og:image\" content=\"https:\/\/meettfit.com\/wp-content\/uploads\/2025\/02\/cropped-icon.png\" \/>\n\t<meta property=\"og:image:width\" content=\"512\" \/>\n\t<meta property=\"og:image:height\" content=\"512\" \/>\n\t<meta property=\"og:image:type\" content=\"image\/png\" \/>\n<meta name=\"twitter:card\" content=\"summary_large_image\" \/>\n<meta name=\"twitter:label1\" content=\"Tempo estimado de leitura\" \/>\n\t<meta name=\"twitter:data1\" content=\"3 minutos\" \/>\n<script type=\"application\/ld+json\" class=\"yoast-schema-graph\">{\"@context\":\"https:\/\/schema.org\",\"@graph\":[{\"@type\":\"WebPage\",\"@id\":\"https:\/\/meettfit.com\/faqs\/\",\"url\":\"https:\/\/meettfit.com\/faqs\/\",\"name\":\"FAQs - MF FLOOR\",\"isPartOf\":{\"@id\":\"https:\/\/meettfit.com\/#website\"},\"datePublished\":\"2025-02-07T15:38:25+00:00\",\"dateModified\":\"2025-03-07T09:48:51+00:00\",\"breadcrumb\":{\"@id\":\"https:\/\/meettfit.com\/faqs\/#breadcrumb\"},\"inLanguage\":\"pt-PT\",\"potentialAction\":[{\"@type\":\"ReadAction\",\"target\":[\"https:\/\/meettfit.com\/faqs\/\"]}]},{\"@type\":\"BreadcrumbList\",\"@id\":\"https:\/\/meettfit.com\/faqs\/#breadcrumb\",\"itemListElement\":[{\"@type\":\"ListItem\",\"position\":1,\"name\":\"Home\",\"item\":\"https:\/\/meettfit.com\/\"},{\"@type\":\"ListItem\",\"position\":2,\"name\":\"FAQs\"}]},{\"@type\":\"WebSite\",\"@id\":\"https:\/\/meettfit.com\/#website\",\"url\":\"https:\/\/meettfit.com\/\",\"name\":\"MF FLOOR\",\"description\":\"fitness and sports floor China factory\",\"publisher\":{\"@id\":\"https:\/\/meettfit.com\/#organization\"},\"alternateName\":\"MF FLOOR\",\"potentialAction\":[{\"@type\":\"SearchAction\",\"target\":{\"@type\":\"EntryPoint\",\"urlTemplate\":\"https:\/\/meettfit.com\/?s={search_term_string}\"},\"query-input\":{\"@type\":\"PropertyValueSpecification\",\"valueRequired\":true,\"valueName\":\"search_term_string\"}}],\"inLanguage\":\"pt-PT\"},{\"@type\":\"Organization\",\"@id\":\"https:\/\/meettfit.com\/#organization\",\"name\":\"MF FLOOR\",\"alternateName\":\"MF FLOOR\",\"url\":\"https:\/\/meettfit.com\/\",\"logo\":{\"@type\":\"ImageObject\",\"inLanguage\":\"pt-PT\",\"@id\":\"https:\/\/meettfit.com\/#\/schema\/logo\/image\/\",\"url\":\"https:\/\/meettfit.com\/wp-content\/uploads\/2025\/02\/cropped-icon.png\",\"contentUrl\":\"https:\/\/meettfit.com\/wp-content\/uploads\/2025\/02\/cropped-icon.png\",\"width\":512,\"height\":512,\"caption\":\"MF FLOOR\"},\"image\":{\"@id\":\"https:\/\/meettfit.com\/#\/schema\/logo\/image\/\"},\"sameAs\":[\"https:\/\/www.facebook.com\/profile.php?id=100079773047357\"]}]}<\/script>\n<!-- \/ Yoast SEO plugin. -->","yoast_head_json":{"title":"FAQs - MF FLOOR","robots":{"index":"index","follow":"follow","max-snippet":"max-snippet:-1","max-image-preview":"max-image-preview:large","max-video-preview":"max-video-preview:-1"},"canonical":"https:\/\/meettfit.com\/pt\/perguntas-frequentes\/","og_locale":"pt_PT","og_type":"article","og_title":"FAQs - MF FLOOR","og_url":"https:\/\/meettfit.com\/pt\/perguntas-frequentes\/","og_site_name":"MF FLOOR","article_publisher":"https:\/\/www.facebook.com\/profile.php?id=100079773047357","article_modified_time":"2025-03-07T09:48:51+00:00","og_image":[{"width":512,"height":512,"url":"https:\/\/meettfit.com\/wp-content\/uploads\/2025\/02\/cropped-icon.png","type":"image\/png"}],"twitter_card":"summary_large_image","twitter_misc":{"Tempo estimado de leitura":"3 minutos"},"schema":{"@context":"https:\/\/schema.org","@graph":[{"@type":"WebPage","@id":"https:\/\/meettfit.com\/faqs\/","url":"https:\/\/meettfit.com\/faqs\/","name":"FAQs - MF FLOOR","isPartOf":{"@id":"https:\/\/meettfit.com\/#website"},"datePublished":"2025-02-07T15:38:25+00:00","dateModified":"2025-03-07T09:48:51+00:00","breadcrumb":{"@id":"https:\/\/meettfit.com\/faqs\/#breadcrumb"},"inLanguage":"pt-PT","potentialAction":[{"@type":"ReadAction","target":["https:\/\/meettfit.com\/faqs\/"]}]},{"@type":"BreadcrumbList","@id":"https:\/\/meettfit.com\/faqs\/#breadcrumb","itemListElement":[{"@type":"ListItem","position":1,"name":"Home","item":"https:\/\/meettfit.com\/"},{"@type":"ListItem","position":2,"name":"FAQs"}]},{"@type":"WebSite","@id":"https:\/\/meettfit.com\/#website","url":"https:\/\/meettfit.com\/","name":"MF FLOOR","description":"fitness and sports floor China factory","publisher":{"@id":"https:\/\/meettfit.com\/#organization"},"alternateName":"MF FLOOR","potentialAction":[{"@type":"SearchAction","target":{"@type":"EntryPoint","urlTemplate":"https:\/\/meettfit.com\/?s={search_term_string}"},"query-input":{"@type":"PropertyValueSpecification","valueRequired":true,"valueName":"search_term_string"}}],"inLanguage":"pt-PT"},{"@type":"Organization","@id":"https:\/\/meettfit.com\/#organization","name":"MF FLOOR","alternateName":"MF FLOOR","url":"https:\/\/meettfit.com\/","logo":{"@type":"ImageObject","inLanguage":"pt-PT","@id":"https:\/\/meettfit.com\/#\/schema\/logo\/image\/","url":"https:\/\/meettfit.com\/wp-content\/uploads\/2025\/02\/cropped-icon.png","contentUrl":"https:\/\/meettfit.com\/wp-content\/uploads\/2025\/02\/cropped-icon.png","width":512,"height":512,"caption":"MF FLOOR"},"image":{"@id":"https:\/\/meettfit.com\/#\/schema\/logo\/image\/"},"sameAs":["https:\/\/www.facebook.com\/profile.php?id=100079773047357"]}]}},"_links":{"self":[{"href":"https:\/\/meettfit.com\/pt\/wp-json\/wp\/v2\/pages\/559","targetHints":{"allow":["GET"]}}],"collection":[{"href":"https:\/\/meettfit.com\/pt\/wp-json\/wp\/v2\/pages"}],"about":[{"href":"https:\/\/meettfit.com\/pt\/wp-json\/wp\/v2\/types\/page"}],"author":[{"embeddable":true,"href":"https:\/\/meettfit.com\/pt\/wp-json\/wp\/v2\/users\/1"}],"replies":[{"embeddable":true,"href":"https:\/\/meettfit.com\/pt\/wp-json\/wp\/v2\/comments?post=559"}],"version-history":[{"count":17,"href":"https:\/\/meettfit.com\/pt\/wp-json\/wp\/v2\/pages\/559\/revisions"}],"predecessor-version":[{"id":1020,"href":"https:\/\/meettfit.com\/pt\/wp-json\/wp\/v2\/pages\/559\/revisions\/1020"}],"wp:attachment":[{"href":"https:\/\/meettfit.com\/pt\/wp-json\/wp\/v2\/media?parent=559"}],"curies":[{"name":"wp","href":"https:\/\/api.w.org\/{rel}","templated":true}]}}