{"id":559,"date":"2025-02-07T23:38:25","date_gmt":"2025-02-07T15:38:25","guid":{"rendered":"https:\/\/meettfit.com\/?page_id=559"},"modified":"2025-03-07T17:48:51","modified_gmt":"2025-03-07T09:48:51","slug":"faqs","status":"publish","type":"page","link":"https:\/\/meettfit.com\/pl\/pytania\/","title":{"rendered":"Najcz\u0119\u015bciej zadawane pytania"},"content":{"rendered":"<section class=\"section\" id=\"section_894524667\">\n\t\t<div class=\"section-bg fill\" >\n\t\t\t\t\t\t\t\t\t\n\t\t\t\n\n\t\t<\/div>\n\n\t\t\n\n\t\t<div class=\"section-content relative\">\n\t\t\t\n\n  <div class=\"banner has-hover\" id=\"banner-506077199\">\n          <div class=\"banner-inner fill\">\n        <div class=\"banner-bg fill\" >\n            <img loading=\"lazy\" decoding=\"async\" width=\"1808\" height=\"720\" src=\"https:\/\/meettfit.com\/wp-content\/uploads\/2025\/02\/faq.webp\" class=\"bg attachment-original size-original\" alt=\"Faq\" \/>                        <div class=\"overlay\"><\/div>            \n                    <\/div>\n\t\t\n        <div class=\"banner-layers container\">\n            <div class=\"fill banner-link\"><\/div>            \n   <div id=\"text-box-2027707230\" class=\"text-box banner-layer x50 md-x50 lg-x50 y90 md-y25 lg-y50 res-text\">\n                     <div data-animate=\"fadeInLeft\">           <div class=\"text-box-content text dark text-shadow-2\">\n              \n              <div class=\"text-inner text-center\">\n                  \n<div class=\"row\"  id=\"row-327349960\">\n\n\t<div id=\"col-1199864238\" class=\"col small-12 large-12\"  data-animate=\"fadeInLeft\">\n\t\t\t\t<div class=\"col-inner\"  >\n\t\t\t\n\t\t\t\n\t<div id=\"text-172636334\" class=\"text\">\n\t\t\n<h3 class=\"uppercase\"><strong>FAqs<\/strong><\/h3>\n\t\t\n<style>\n#text-172636334 {\n  font-size: 1.6rem;\n  text-align: center;\n}\n@media (min-width:550px) {\n  #text-172636334 {\n    font-size: 1.85rem;\n  }\n}\n@media (min-width:850px) {\n  #text-172636334 {\n    text-align: center;\n  }\n}\n<\/style>\n\t<\/div>\n\t\n\n<span><span><a href=\"https:\/\/meettfit.com\/pl\/\">Strona g\u0142\u00f3wna<\/a><\/span><\/span>\n\n\t\t<\/div>\n\t\t\t\t\t<\/div>\n\n\t\n<\/div>\n              <\/div>\n           <\/div>\n       <\/div>                     \n<style>\n#text-box-2027707230 {\n  width: 81%;\n}\n#text-box-2027707230 .text-box-content {\n  font-size: 179%;\n}\n@media (min-width:550px) {\n  #text-box-2027707230 {\n    width: 80%;\n  }\n  #text-box-2027707230 .text-box-content {\n    font-size: 100%;\n  }\n}\n<\/style>\n    <\/div>\n \n   <div id=\"text-box-1046382817\" class=\"text-box banner-layer hidden x95 md-x50 lg-x50 y50 md-y40 lg-y100 res-text\">\n                     <div data-animate=\"fadeInLeft\">           <div class=\"text-box-content text dark\">\n              \n              <div class=\"text-inner text-center\">\n                  \n<div class=\"row row-collapse\"  id=\"row-1875245636\">\n\n\t<div id=\"col-598257385\" class=\"col pb0 mb0 small-12 large-12\"  >\n\t\t\t\t<div class=\"col-inner text-center\"  >\n\t\t\t\n\t\t\t\n<a href=\"#multi-purpose-artificial-grass\" class=\"button white is-link pb0 mb0\"  >\n\t\t<span>Uniwersalna sztuczna trawa<\/span>\n\t<\/a>\n\n<a href=\"#gym-turf-with-5mm-pu-foam\" class=\"button white is-link pb0 mb0\"  >\n\t\t<span>Murawa z pianki poliuretanowej o grubo\u015bci 5 mm<\/span>\n\t<\/a>\n\n<a href=\"#sport-artificial-grass\" class=\"button white is-link pb0 mb0\"  >\n\t\t<span>sztuczna trawa sportowa<\/span>\n\t<\/a>\n\n<a href=\"#landscaping-grass\" class=\"button white is-link pb0 mb0\"  >\n\t\t<span>Trawa do kszta\u0142towania krajobrazu<\/span>\n\t<\/a>\n\n\t\t<\/div>\n\t\t\t\t\t<\/div>\n\n\t\n<\/div>\n              <\/div>\n           <\/div>\n       <\/div>                     \n<style>\n#text-box-1046382817 {\n  width: 81%;\n}\n#text-box-1046382817 .text-box-content {\n  font-size: 179%;\n}\n@media (min-width:550px) {\n  #text-box-1046382817 {\n    width: 100%;\n  }\n  #text-box-1046382817 .text-box-content {\n    font-size: 104%;\n  }\n}\n<\/style>\n    <\/div>\n \n        <\/div>\n      <\/div>\n\n            \n<style>\n#banner-506077199 {\n  padding-top: 210px;\n  background-color: rgb(0, 0, 0);\n}\n#banner-506077199 .overlay {\n  background-color: rgba(0, 0, 0, 0.541);\n}\n@media (min-width:550px) {\n  #banner-506077199 {\n    padding-top: 591px;\n  }\n}\n@media (min-width:850px) {\n  #banner-506077199 {\n    padding-top: 600px;\n  }\n}\n<\/style>\n  <\/div>\n\n\n\t\t<\/div>\n\n\t\t\n<style>\n#section_894524667 {\n  padding-top: 0px;\n  padding-bottom: 0px;\n}\n<\/style>\n\t<\/section>\n\t\n\n\t<section class=\"section\" id=\"section_568423094\">\n\t\t<div class=\"section-bg fill\" >\n\t\t\t\t\t\t\t\t\t\n\t\t\t\n\n\t\t<\/div>\n\n\t\t\n\n\t\t<div class=\"section-content relative\">\n\t\t\t\n<div class=\"row row-large\"  id=\"row-1142273707\">\n\n\t<div id=\"col-588526150\" class=\"col faq-list medium-6 small-12 large-6\"  >\n\t\t\t\t<div class=\"col-inner\"  >\n\t\t\t\n\t\t\t\n<div class=\"accordion\">\n\t<div id=\"accordion-2355794625\" class=\"accordion-item\">\n\t\t<a id=\"accordion-2355794625-label\" class=\"accordion-title plain active\" href=\"#accordion-item-how-do-i-choose-the-right-type-of-flooring-for-my-venue?\" aria-expanded=\"true\" aria-controls=\"accordion-2355794625-content\" >\n\t\t\t<button class=\"toggle\" aria-label=\"Toggle\"><i class=\"icon-angle-down\"><\/i><\/button>\n\t\t\t<span>Jak wybra\u0107 odpowiedni rodzaj pod\u0142ogi dla mojego obiektu?<\/span>\n\t\t<\/a>\n\t\t<div id=\"accordion-2355794625-content\" class=\"accordion-inner\" style=\"display: block;\" aria-labelledby=\"accordion-2355794625-label\" >\n\t\t\t\n<p>Pod\u0142ogi gumowe nadaj\u0105 si\u0119 do sal gimnastycznych, pod\u0142ogi z PVC s\u0105 idealne do krytych kort\u00f3w do badmintona i tenisa sto\u0142owego, a maty tatami s\u0105 odpowiednie do sal sztuk walki. Mo\u017cemy zapewni\u0107 profesjonalne doradztwo w oparciu o konkretne potrzeby.<\/p>\n\t\t<\/div>\n\t<\/div>\n\t\n\t<div id=\"accordion-2390127759\" class=\"accordion-item\">\n\t\t<a id=\"accordion-2390127759-label\" class=\"accordion-title plain\" href=\"#accordion-item-what-certifications-do-your-flooring-have?\" aria-expanded=\"false\" aria-controls=\"accordion-2390127759-content\" >\n\t\t\t<button class=\"toggle\" aria-label=\"Toggle\"><i class=\"icon-angle-down\"><\/i><\/button>\n\t\t\t<span>Jakie certyfikaty posiadaj\u0105 pod\u0142ogi?<\/span>\n\t\t<\/a>\n\t\t<div id=\"accordion-2390127759-content\" class=\"accordion-inner\" aria-labelledby=\"accordion-2390127759-label\" >\n\t\t\t\n<p>Nasze produkty posiadaj\u0105 certyfikaty CE i REACH, dzi\u0119ki czemu s\u0105 bezpieczne i przyjazne dla \u015brodowiska.<\/p>\n\t\t<\/div>\n\t<\/div>\n\t\n\t<div id=\"accordion-1923409548\" class=\"accordion-item\">\n\t\t<a id=\"accordion-1923409548-label\" class=\"accordion-title plain\" href=\"#accordion-item-what-is-the-installation-process-for-flooring?-do-i-need-a-professional?\" aria-expanded=\"false\" aria-controls=\"accordion-1923409548-content\" >\n\t\t\t<button class=\"toggle\" aria-label=\"Toggle\"><i class=\"icon-angle-down\"><\/i><\/button>\n\t\t\t<span>Jak wygl\u0105da proces monta\u017cu pod\u0142ogi? Czy potrzebuj\u0119 profesjonalisty?<\/span>\n\t\t<\/a>\n\t\t<div id=\"accordion-1923409548-content\" class=\"accordion-inner\" aria-labelledby=\"accordion-1923409548-label\" >\n\t\t\t\n<p>R\u00f3\u017cne rodzaje pod\u0142\u00f3g maj\u0105 r\u00f3\u017cne metody instalacji. Niekt\u00f3re mog\u0105 by\u0107 instalowane samodzielnie, podczas gdy inne mog\u0105 wymaga\u0107 profesjonalnej pomocy. Zapewniamy szczeg\u00f3\u0142owe wytyczne dotycz\u0105ce instalacji i w razie potrzeby mo\u017cemy zaoferowa\u0107 profesjonalne us\u0142ugi instalacyjne.<\/p>\n\t\t<\/div>\n\t<\/div>\n\t\n\t<div id=\"accordion-3893549320\" class=\"accordion-item\">\n\t\t<a id=\"accordion-3893549320-label\" class=\"accordion-title plain\" href=\"#accordion-item-how-do-i-maintain-and-clean-my-flooring-to-extend-its-lifespan?\" aria-expanded=\"false\" aria-controls=\"accordion-3893549320-content\" >\n\t\t\t<button class=\"toggle\" aria-label=\"Toggle\"><i class=\"icon-angle-down\"><\/i><\/button>\n\t\t\t<span>Jak konserwowa\u0107 i czy\u015bci\u0107 pod\u0142og\u0119, aby przed\u0142u\u017cy\u0107 jej \u017cywotno\u015b\u0107?<\/span>\n\t\t<\/a>\n\t\t<div id=\"accordion-3893549320-content\" class=\"accordion-inner\" aria-labelledby=\"accordion-3893549320-label\" >\n\t\t\t\n<p>Regularne czyszczenie i w\u0142a\u015bciwa konserwacja pomagaj\u0105 przed\u0142u\u017cy\u0107 \u017cywotno\u015b\u0107 pod\u0142ogi. Oferujemy instrukcje konserwacji i czyszczenia dla ka\u017cdego rodzaju pod\u0142ogi, aby zapewni\u0107, \u017ce obiekt zawsze b\u0119dzie wygl\u0105da\u0142 jak najlepiej.<\/p>\n\t\t<\/div>\n\t<\/div>\n\t\n\t<div id=\"accordion-2089595908\" class=\"accordion-item\">\n\t\t<a id=\"accordion-2089595908-label\" class=\"accordion-title plain\" href=\"#accordion-item-do-you-offer-customization-of-flooring?\" aria-expanded=\"false\" aria-controls=\"accordion-2089595908-content\" >\n\t\t\t<button class=\"toggle\" aria-label=\"Toggle\"><i class=\"icon-angle-down\"><\/i><\/button>\n\t\t\t<span>Czy oferujecie personalizacj\u0119 pod\u0142\u00f3g?<\/span>\n\t\t<\/a>\n\t\t<div id=\"accordion-2089595908-content\" class=\"accordion-inner\" aria-labelledby=\"accordion-2089595908-label\" >\n\t\t\t\n<p>Tak, zapewniamy dostosowanie rozmiaru, grubo\u015bci, koloru i wzoru, aby spe\u0142ni\u0107 unikalne potrzeby r\u00f3\u017cnych miejsc.<\/p>\n\t\t<\/div>\n\t<\/div>\n\t\n\t<div id=\"accordion-1130524535\" class=\"accordion-item\">\n\t\t<a id=\"accordion-1130524535-label\" class=\"accordion-title plain\" href=\"#accordion-item-how-durable-is-the-flooring?-what-is-its-service-life?\" aria-expanded=\"false\" aria-controls=\"accordion-1130524535-content\" >\n\t\t\t<button class=\"toggle\" aria-label=\"Toggle\"><i class=\"icon-angle-down\"><\/i><\/button>\n\t\t\t<span>Jak trwa\u0142a jest pod\u0142oga? Jaka jest jej \u017cywotno\u015b\u0107?<\/span>\n\t\t<\/a>\n\t\t<div id=\"accordion-1130524535-content\" class=\"accordion-inner\" aria-labelledby=\"accordion-1130524535-label\" >\n\t\t\t\n<p>Nasze pod\u0142ogi s\u0105 wykonane z wysokiej jako\u015bci materia\u0142\u00f3w, oferuj\u0105cych doskona\u0142\u0105 trwa\u0142o\u015b\u0107. Przy normalnym u\u017cytkowaniu i w\u0142a\u015bciwej konserwacji, \u017cywotno\u015b\u0107 materia\u0142\u00f3w pod\u0142ogowych mo\u017ce przekroczy\u0107 sze\u015b\u0107 lat.<\/p>\n\t\t<\/div>\n\t<\/div>\n\t\n\t<div id=\"accordion-592414358\" class=\"accordion-item\">\n\t\t<a id=\"accordion-592414358-label\" class=\"accordion-title plain\" href=\"#accordion-item-do-the-flooring-have-anti-slip-properties?\" aria-expanded=\"false\" aria-controls=\"accordion-592414358-content\" >\n\t\t\t<button class=\"toggle\" aria-label=\"Toggle\"><i class=\"icon-angle-down\"><\/i><\/button>\n\t\t\t<span>Czy pod\u0142oga ma w\u0142a\u015bciwo\u015bci antypo\u015blizgowe?<\/span>\n\t\t<\/a>\n\t\t<div id=\"accordion-592414358-content\" class=\"accordion-inner\" aria-labelledby=\"accordion-592414358-label\" >\n\t\t\t\n<p>Nasza pod\u0142oga zosta\u0142a zaprojektowana z my\u015bl\u0105 o bezpiecze\u0144stwie i ma dobre w\u0142a\u015bciwo\u015bci antypo\u015blizgowe, dzi\u0119ki czemu nadaje si\u0119 do r\u00f3\u017cnych obiekt\u00f3w sportowych i zapewnia bezpiecze\u0144stwo sportowcom.<\/p>\n\t\t<\/div>\n\t<\/div>\n\t\n\t<div id=\"accordion-2451537317\" class=\"accordion-item\">\n\t\t<a id=\"accordion-2451537317-label\" class=\"accordion-title plain\" href=\"#accordion-item-if-the-flooring-is-damaged,-do-you-provide-repair-or-replacement-services?\" aria-expanded=\"false\" aria-controls=\"accordion-2451537317-content\" >\n\t\t\t<button class=\"toggle\" aria-label=\"Toggle\"><i class=\"icon-angle-down\"><\/i><\/button>\n\t\t\t<span>Je\u015bli pod\u0142oga jest uszkodzona, czy \u015bwiadczysz us\u0142ugi naprawy lub wymiany?<\/span>\n\t\t<\/a>\n\t\t<div id=\"accordion-2451537317-content\" class=\"accordion-inner\" aria-labelledby=\"accordion-2451537317-label\" >\n\t\t\t\n<p>Oferujemy kompleksowe us\u0142ugi posprzeda\u017cowe, w tym napraw\u0119 i wymian\u0119 pod\u0142\u00f3g. W razie jakichkolwiek problem\u00f3w mo\u017cna w ka\u017cdej chwili skontaktowa\u0107 si\u0119 z naszym dzia\u0142em obs\u0142ugi klienta.<\/p>\n\t\t<\/div>\n\t<\/div>\n\t\n\t<div id=\"accordion-3694737812\" class=\"accordion-item\">\n\t\t<a id=\"accordion-3694737812-label\" class=\"accordion-title plain\" href=\"#accordion-item-are-your-flooring-suitable-for-outdoor-areas?\" aria-expanded=\"false\" aria-controls=\"accordion-3694737812-content\" >\n\t\t\t<button class=\"toggle\" aria-label=\"Toggle\"><i class=\"icon-angle-down\"><\/i><\/button>\n\t\t\t<span>Czy pod\u0142oga nadaje si\u0119 do stosowania na zewn\u0105trz?<\/span>\n\t\t<\/a>\n\t\t<div id=\"accordion-3694737812-content\" class=\"accordion-inner\" aria-labelledby=\"accordion-3694737812-label\" >\n\t\t\t\n<p>Zapewniamy sztuczn\u0105 traw\u0119 i inne pod\u0142ogi odpowiednie do obiekt\u00f3w zewn\u0119trznych, charakteryzuj\u0105ce si\u0119 odporno\u015bci\u0105 na warunki atmosferyczne i trwa\u0142o\u015bci\u0105 dla r\u00f3\u017cnych miejsc do uprawiania sport\u00f3w na \u015bwie\u017cym powietrzu.<\/p>\n\t\t<\/div>\n\t<\/div>\n\t\n\t<div id=\"accordion-922931930\" class=\"accordion-item\">\n\t\t<a id=\"accordion-922931930-label\" class=\"accordion-title plain\" href=\"#accordion-item-are-your-flooring-fireproof?\" aria-expanded=\"false\" aria-controls=\"accordion-922931930-content\" >\n\t\t\t<button class=\"toggle\" aria-label=\"Toggle\"><i class=\"icon-angle-down\"><\/i><\/button>\n\t\t\t<span>Czy pod\u0142oga jest ognioodporna?<\/span>\n\t\t<\/a>\n\t\t<div id=\"accordion-922931930-content\" class=\"accordion-inner\" aria-labelledby=\"accordion-922931930-label\" >\n\t\t\t\n<p>Nasze pod\u0142ogi s\u0105 zgodne z odpowiednimi normami przeciwpo\u017carowymi i maj\u0105 dobr\u0105 odporno\u015b\u0107 ogniow\u0105, aby zapewni\u0107 bezpieczne u\u017cytkowanie.<\/p>\n\t\t<\/div>\n\t<\/div>\n\t\n<\/div>\n\t\t<\/div>\n\t\t\t\t\t<\/div>\n\n\t\n\n\t<div id=\"col-622131091\" class=\"col pb0 mb0 image medium-12 small-12 large-6\"  >\n\t\t\t\t<div class=\"col-inner text-left\"  >\n\t\t\t\n\t\t\t\n\t<div id=\"text-3467801577\" class=\"text pb0 mb0\">\n\t\t\n<h3>Skontaktuj si\u0119 z nami w przypadku innych pyta\u0144<\/h3>\n\t\t\n<style>\n#text-3467801577 {\n  font-size: 1.5rem;\n  line-height: 1.4;\n}\n@media (min-width:550px) {\n  #text-3467801577 {\n    font-size: 2rem;\n    line-height: 0.75;\n  }\n}\n@media (min-width:850px) {\n  #text-3467801577 {\n    font-size: 1.35rem;\n  }\n}\n<\/style>\n\t<\/div>\n\t\n\t<div id=\"gap-1557374915\" class=\"gap-element clearfix\" style=\"display:block; height:auto;\">\n\t\t\n<style>\n#gap-1557374915 {\n  padding-top: 30px;\n}\n<\/style>\n\t<\/div>\n\t\n\n<div class='fluentform ff-default fluentform_wrapper_2 ffs_default_wrap'><form data-form_id=\"2\" id=\"fluentform_2\" class=\"frm-fluent-form fluent_form_2 ff-el-form-top ff_form_instance_2_1 ff-form-loading ff_has_v3_recptcha ffs_default\" data-form_instance=\"ff_form_instance_2_1\" method=\"POST\" data-recptcha_key=\"6Le12tsqAAAAAB_sMsKbGMsL96BDVq9l-fnVixW2\" action=\"\" ><fieldset  style=\"border: none!important;margin: 0!important;padding: 0!important;background-color: transparent!important;box-shadow: none!important;outline: none!important; min-inline-size: 100%;\">\n                    <legend class=\"ff_screen_reader_title\" style=\"display: block; margin: 0!important;padding: 0!important;height: 0!important;text-indent: -999999px;width: 0!important;overflow:hidden;\">Kontakt<\/legend><input type='hidden' name='__fluent_form_embded_post_id' value='559' \/><input type=\"hidden\" id=\"_fluentform_2_fluentformnonce\" name=\"_fluentform_2_fluentformnonce\" value=\"da2cc2a6f6\" \/><input type=\"hidden\" name=\"_wp_http_referer\" value=\"\/pl\/wp-json\/wp\/v2\/pages\/559\" \/><div class='ff-el-group'><div class=\"ff-el-input--label ff-el-is-required asterisk-right\"><label for='ff_2_Name' aria-label=\"Nazwa\">Nazwa<\/label><\/div><div class='ff-el-input--content'><input type=\"text\" name=\"Name\" class=\"ff-el-form-control\" placeholder=\"Imi\u0119 i nazwisko\" data-name=\"Name\" id=\"ff_2_Name\"  aria-invalid=\"false\" aria-required=\"true\"><\/div><\/div><div class='ff-el-group'><div class=\"ff-el-input--label ff-el-is-required asterisk-right\"><label for='ff_2_email' aria-label=\"E-mail\">E-mail<\/label><\/div><div class='ff-el-input--content'><input type=\"email\" name=\"email\" id=\"ff_2_email\" class=\"ff-el-form-control\" placeholder=\"Adres e-mail\" data-name=\"email\"  aria-invalid=\"false\" aria-required=\"true\"><\/div><\/div><div class='ff-el-group'><div class=\"ff-el-input--label asterisk-right\"><label for='ff_2_numeric_field' aria-label=\"Numer telefonu\">Numer telefonu<\/label><\/div><div class='ff-el-input--content'><input type=\"number\" name=\"numeric_field\" id=\"ff_2_numeric_field\" class=\"ff-el-form-control\" placeholder=\"Numer telefonu\" data-name=\"numeric_field\" inputmode=\"numeric\" step=\"any\"  aria-invalid=\"false\" aria-required=\"false\"><\/div><\/div><div class='ff-el-group'><div class=\"ff-el-input--label ff-el-is-required asterisk-right\"><label for='ff_2_Message' aria-label=\"Wiadomo\u015b\u0107\">Wiadomo\u015b\u0107<\/label><\/div><div class='ff-el-input--content'><textarea aria-invalid=\"false\" aria-required=\"true\" name=\"Message\" id=\"ff_2_Message\" class=\"ff-el-form-control\" placeholder=\"Wiadomo\u015b\u0107\" rows=\"6\" cols=\"6\" data-name=\"Message\" ><\/textarea><\/div><\/div><div class='ff-el-group ff-text-right ff_submit_btn_wrapper ff_submit_btn_wrapper_custom'><button class=\"ff-btn ff-btn-submit ff-btn-md expand  ff_btn_style\" type=\"submit\" name=\"custom_submit_button-2_1\" data-name=\"custom_submit_button-2_1\" >Wy\u015blij<\/button><style>form.fluent_form_2 .ff-btn-submit { background-color: #1a7efb; color: #ffffff; }<\/style><\/div><\/fieldset><input type=\"hidden\" name=\"trp-form-language\" value=\"pl\"\/><\/form><div id='fluentform_2_errors' class='ff-errors-in-stack ff_form_instance_2_1 ff-form-loading_errors ff_form_instance_2_1_errors'><\/div><\/div>        <script type=\"text\/javascript\">\n            window.fluent_form_ff_form_instance_2_1 = {\"id\":\"2\",\"settings\":{\"layout\":{\"labelPlacement\":\"top\",\"helpMessagePlacement\":\"with_label\",\"errorMessagePlacement\":\"inline\",\"asteriskPlacement\":\"asterisk-right\"},\"restrictions\":{\"denyEmptySubmission\":{\"enabled\":false}}},\"form_instance\":\"ff_form_instance_2_1\",\"form_id_selector\":\"fluentform_2\",\"rules\":{\"Name\":{\"required\":{\"value\":true,\"message\":\"This field is required\",\"global_message\":\"This field is required\",\"global\":true}},\"email\":{\"required\":{\"value\":true,\"message\":\"This field is required\",\"global_message\":\"This field is required\",\"global\":true},\"email\":{\"value\":true,\"message\":\"This field must contain a valid email\",\"global_message\":\"This field must contain a valid email\",\"global\":true}},\"numeric_field\":{\"required\":{\"value\":false,\"message\":\"This field is required\",\"global_message\":\"This field is required\",\"global\":true},\"numeric\":{\"value\":true,\"message\":\"This field must contain numeric value\",\"global_message\":\"This field must contain numeric value\",\"global\":true},\"min\":{\"value\":\"\",\"message\":\"Validation fails for minimum value\",\"global_message\":\"Validation fails for minimum value\",\"global\":true},\"max\":{\"value\":\"\",\"message\":\"Validation fails for maximum value\",\"global_message\":\"Validation fails for maximum value\",\"global\":true},\"digits\":{\"value\":\"\",\"message\":\"Validation fails for limited digits\",\"global_message\":\"Validation fails for limited digits\",\"global\":true}},\"Message\":{\"required\":{\"value\":true,\"message\":\"This field is required\",\"global_message\":\"This field is required\",\"global\":true}},\"g-recaptcha-response\":[]},\"debounce_time\":300};\n                    <\/script>\n        \n\n\t\t<\/div>\n\t\t\t\t\n<style>\n#col-622131091 > .col-inner {\n  max-width: 600px;\n}\n<\/style>\n\t<\/div>\n\n\t\n<\/div>\n\t\t<\/div>\n\n\t\t\n<style>\n#section_568423094 {\n  padding-top: 60px;\n  padding-bottom: 60px;\n}\n<\/style>\n\t<\/section>","protected":false},"excerpt":{"rendered":"","protected":false},"author":1,"featured_media":0,"parent":0,"menu_order":0,"comment_status":"closed","ping_status":"closed","template":"page-blank.php","meta":{"footnotes":""},"class_list":["post-559","page","type-page","status-publish","hentry"],"yoast_head":"<!-- This site is optimized with the Yoast SEO plugin v24.6 - https:\/\/yoast.com\/wordpress\/plugins\/seo\/ -->\n<title>FAQs - MF FLOOR<\/title>\n<meta name=\"robots\" content=\"index, follow, max-snippet:-1, max-image-preview:large, max-video-preview:-1\" \/>\n<link rel=\"canonical\" href=\"https:\/\/meettfit.com\/pl\/pytania\/\" \/>\n<meta property=\"og:locale\" content=\"pl_PL\" \/>\n<meta property=\"og:type\" content=\"article\" \/>\n<meta property=\"og:title\" content=\"FAQs - MF FLOOR\" \/>\n<meta property=\"og:url\" content=\"https:\/\/meettfit.com\/pl\/pytania\/\" \/>\n<meta property=\"og:site_name\" content=\"MF FLOOR\" \/>\n<meta property=\"article:publisher\" content=\"https:\/\/www.facebook.com\/profile.php?id=100079773047357\" \/>\n<meta property=\"article:modified_time\" content=\"2025-03-07T09:48:51+00:00\" \/>\n<meta property=\"og:image\" content=\"https:\/\/meettfit.com\/wp-content\/uploads\/2025\/02\/cropped-icon.png\" \/>\n\t<meta property=\"og:image:width\" content=\"512\" \/>\n\t<meta property=\"og:image:height\" content=\"512\" \/>\n\t<meta property=\"og:image:type\" content=\"image\/png\" \/>\n<meta name=\"twitter:card\" content=\"summary_large_image\" \/>\n<meta name=\"twitter:label1\" content=\"Szacowany czas czytania\" \/>\n\t<meta name=\"twitter:data1\" content=\"3 minuty\" \/>\n<script type=\"application\/ld+json\" class=\"yoast-schema-graph\">{\"@context\":\"https:\/\/schema.org\",\"@graph\":[{\"@type\":\"WebPage\",\"@id\":\"https:\/\/meettfit.com\/faqs\/\",\"url\":\"https:\/\/meettfit.com\/faqs\/\",\"name\":\"FAQs - MF FLOOR\",\"isPartOf\":{\"@id\":\"https:\/\/meettfit.com\/#website\"},\"datePublished\":\"2025-02-07T15:38:25+00:00\",\"dateModified\":\"2025-03-07T09:48:51+00:00\",\"breadcrumb\":{\"@id\":\"https:\/\/meettfit.com\/faqs\/#breadcrumb\"},\"inLanguage\":\"pl-PL\",\"potentialAction\":[{\"@type\":\"ReadAction\",\"target\":[\"https:\/\/meettfit.com\/faqs\/\"]}]},{\"@type\":\"BreadcrumbList\",\"@id\":\"https:\/\/meettfit.com\/faqs\/#breadcrumb\",\"itemListElement\":[{\"@type\":\"ListItem\",\"position\":1,\"name\":\"Home\",\"item\":\"https:\/\/meettfit.com\/\"},{\"@type\":\"ListItem\",\"position\":2,\"name\":\"FAQs\"}]},{\"@type\":\"WebSite\",\"@id\":\"https:\/\/meettfit.com\/#website\",\"url\":\"https:\/\/meettfit.com\/\",\"name\":\"MF FLOOR\",\"description\":\"fitness and sports floor China factory\",\"publisher\":{\"@id\":\"https:\/\/meettfit.com\/#organization\"},\"alternateName\":\"MF FLOOR\",\"potentialAction\":[{\"@type\":\"SearchAction\",\"target\":{\"@type\":\"EntryPoint\",\"urlTemplate\":\"https:\/\/meettfit.com\/?s={search_term_string}\"},\"query-input\":{\"@type\":\"PropertyValueSpecification\",\"valueRequired\":true,\"valueName\":\"search_term_string\"}}],\"inLanguage\":\"pl-PL\"},{\"@type\":\"Organization\",\"@id\":\"https:\/\/meettfit.com\/#organization\",\"name\":\"MF FLOOR\",\"alternateName\":\"MF FLOOR\",\"url\":\"https:\/\/meettfit.com\/\",\"logo\":{\"@type\":\"ImageObject\",\"inLanguage\":\"pl-PL\",\"@id\":\"https:\/\/meettfit.com\/#\/schema\/logo\/image\/\",\"url\":\"https:\/\/meettfit.com\/wp-content\/uploads\/2025\/02\/cropped-icon.png\",\"contentUrl\":\"https:\/\/meettfit.com\/wp-content\/uploads\/2025\/02\/cropped-icon.png\",\"width\":512,\"height\":512,\"caption\":\"MF FLOOR\"},\"image\":{\"@id\":\"https:\/\/meettfit.com\/#\/schema\/logo\/image\/\"},\"sameAs\":[\"https:\/\/www.facebook.com\/profile.php?id=100079773047357\"]}]}<\/script>\n<!-- \/ Yoast SEO plugin. -->","yoast_head_json":{"title":"FAQs - MF FLOOR","robots":{"index":"index","follow":"follow","max-snippet":"max-snippet:-1","max-image-preview":"max-image-preview:large","max-video-preview":"max-video-preview:-1"},"canonical":"https:\/\/meettfit.com\/pl\/pytania\/","og_locale":"pl_PL","og_type":"article","og_title":"FAQs - MF FLOOR","og_url":"https:\/\/meettfit.com\/pl\/pytania\/","og_site_name":"MF FLOOR","article_publisher":"https:\/\/www.facebook.com\/profile.php?id=100079773047357","article_modified_time":"2025-03-07T09:48:51+00:00","og_image":[{"width":512,"height":512,"url":"https:\/\/meettfit.com\/wp-content\/uploads\/2025\/02\/cropped-icon.png","type":"image\/png"}],"twitter_card":"summary_large_image","twitter_misc":{"Szacowany czas czytania":"3 minuty"},"schema":{"@context":"https:\/\/schema.org","@graph":[{"@type":"WebPage","@id":"https:\/\/meettfit.com\/faqs\/","url":"https:\/\/meettfit.com\/faqs\/","name":"FAQs - MF FLOOR","isPartOf":{"@id":"https:\/\/meettfit.com\/#website"},"datePublished":"2025-02-07T15:38:25+00:00","dateModified":"2025-03-07T09:48:51+00:00","breadcrumb":{"@id":"https:\/\/meettfit.com\/faqs\/#breadcrumb"},"inLanguage":"pl-PL","potentialAction":[{"@type":"ReadAction","target":["https:\/\/meettfit.com\/faqs\/"]}]},{"@type":"BreadcrumbList","@id":"https:\/\/meettfit.com\/faqs\/#breadcrumb","itemListElement":[{"@type":"ListItem","position":1,"name":"Home","item":"https:\/\/meettfit.com\/"},{"@type":"ListItem","position":2,"name":"FAQs"}]},{"@type":"WebSite","@id":"https:\/\/meettfit.com\/#website","url":"https:\/\/meettfit.com\/","name":"MF FLOOR","description":"fitness and sports floor China factory","publisher":{"@id":"https:\/\/meettfit.com\/#organization"},"alternateName":"MF FLOOR","potentialAction":[{"@type":"SearchAction","target":{"@type":"EntryPoint","urlTemplate":"https:\/\/meettfit.com\/?s={search_term_string}"},"query-input":{"@type":"PropertyValueSpecification","valueRequired":true,"valueName":"search_term_string"}}],"inLanguage":"pl-PL"},{"@type":"Organization","@id":"https:\/\/meettfit.com\/#organization","name":"MF FLOOR","alternateName":"MF FLOOR","url":"https:\/\/meettfit.com\/","logo":{"@type":"ImageObject","inLanguage":"pl-PL","@id":"https:\/\/meettfit.com\/#\/schema\/logo\/image\/","url":"https:\/\/meettfit.com\/wp-content\/uploads\/2025\/02\/cropped-icon.png","contentUrl":"https:\/\/meettfit.com\/wp-content\/uploads\/2025\/02\/cropped-icon.png","width":512,"height":512,"caption":"MF FLOOR"},"image":{"@id":"https:\/\/meettfit.com\/#\/schema\/logo\/image\/"},"sameAs":["https:\/\/www.facebook.com\/profile.php?id=100079773047357"]}]}},"_links":{"self":[{"href":"https:\/\/meettfit.com\/pl\/wp-json\/wp\/v2\/pages\/559","targetHints":{"allow":["GET"]}}],"collection":[{"href":"https:\/\/meettfit.com\/pl\/wp-json\/wp\/v2\/pages"}],"about":[{"href":"https:\/\/meettfit.com\/pl\/wp-json\/wp\/v2\/types\/page"}],"author":[{"embeddable":true,"href":"https:\/\/meettfit.com\/pl\/wp-json\/wp\/v2\/users\/1"}],"replies":[{"embeddable":true,"href":"https:\/\/meettfit.com\/pl\/wp-json\/wp\/v2\/comments?post=559"}],"version-history":[{"count":17,"href":"https:\/\/meettfit.com\/pl\/wp-json\/wp\/v2\/pages\/559\/revisions"}],"predecessor-version":[{"id":1020,"href":"https:\/\/meettfit.com\/pl\/wp-json\/wp\/v2\/pages\/559\/revisions\/1020"}],"wp:attachment":[{"href":"https:\/\/meettfit.com\/pl\/wp-json\/wp\/v2\/media?parent=559"}],"curies":[{"name":"wp","href":"https:\/\/api.w.org\/{rel}","templated":true}]}}