{"id":559,"date":"2025-02-07T23:38:25","date_gmt":"2025-02-07T15:38:25","guid":{"rendered":"https:\/\/meettfit.com\/?page_id=559"},"modified":"2025-03-07T17:48:51","modified_gmt":"2025-03-07T09:48:51","slug":"faqs","status":"publish","type":"page","link":"https:\/\/meettfit.com\/fr\/faqs\/","title":{"rendered":"FAQ"},"content":{"rendered":"<section class=\"section\" id=\"section_1685719967\">\n\t\t<div class=\"section-bg fill\" >\n\t\t\t\t\t\t\t\t\t\n\t\t\t\n\n\t\t<\/div>\n\n\t\t\n\n\t\t<div class=\"section-content relative\">\n\t\t\t\n\n  <div class=\"banner has-hover\" id=\"banner-145036948\">\n          <div class=\"banner-inner fill\">\n        <div class=\"banner-bg fill\" >\n            <img loading=\"lazy\" decoding=\"async\" width=\"1808\" height=\"720\" src=\"https:\/\/meettfit.com\/wp-content\/uploads\/2025\/02\/faq.webp\" class=\"bg attachment-original size-original\" alt=\"Faq\" \/>                        <div class=\"overlay\"><\/div>            \n                    <\/div>\n\t\t\n        <div class=\"banner-layers container\">\n            <div class=\"fill banner-link\"><\/div>            \n   <div id=\"text-box-790937180\" class=\"text-box banner-layer x50 md-x50 lg-x50 y90 md-y25 lg-y50 res-text\">\n                     <div data-animate=\"fadeInLeft\">           <div class=\"text-box-content text dark text-shadow-2\">\n              \n              <div class=\"text-inner text-center\">\n                  \n<div class=\"row\"  id=\"row-574340621\">\n\n\t<div id=\"col-1379423972\" class=\"col small-12 large-12\"  data-animate=\"fadeInLeft\">\n\t\t\t\t<div class=\"col-inner\"  >\n\t\t\t\n\t\t\t\n\t<div id=\"text-4069478485\" class=\"text\">\n\t\t\n<h3 class=\"uppercase\"><strong>FAqs<\/strong><\/h3>\n\t\t\n<style>\n#text-4069478485 {\n  font-size: 1.6rem;\n  text-align: center;\n}\n@media (min-width:550px) {\n  #text-4069478485 {\n    font-size: 1.85rem;\n  }\n}\n@media (min-width:850px) {\n  #text-4069478485 {\n    text-align: center;\n  }\n}\n<\/style>\n\t<\/div>\n\t\n\n<span><span><a href=\"https:\/\/meettfit.com\/fr\/\">Accueil<\/a><\/span><\/span>\n\n\t\t<\/div>\n\t\t\t\t\t<\/div>\n\n\t\n<\/div>\n              <\/div>\n           <\/div>\n       <\/div>                     \n<style>\n#text-box-790937180 {\n  width: 81%;\n}\n#text-box-790937180 .text-box-content {\n  font-size: 179%;\n}\n@media (min-width:550px) {\n  #text-box-790937180 {\n    width: 80%;\n  }\n  #text-box-790937180 .text-box-content {\n    font-size: 100%;\n  }\n}\n<\/style>\n    <\/div>\n \n   <div id=\"text-box-1755102871\" class=\"text-box banner-layer hidden x95 md-x50 lg-x50 y50 md-y40 lg-y100 res-text\">\n                     <div data-animate=\"fadeInLeft\">           <div class=\"text-box-content text dark\">\n              \n              <div class=\"text-inner text-center\">\n                  \n<div class=\"row row-collapse\"  id=\"row-1256333689\">\n\n\t<div id=\"col-1437028306\" class=\"col pb0 mb0 small-12 large-12\"  >\n\t\t\t\t<div class=\"col-inner text-center\"  >\n\t\t\t\n\t\t\t\n<a href=\"#multi-purpose-artificial-grass\" class=\"button white is-link pb0 mb0\"  >\n\t\t<span>Gazon artificiel multi-usages<\/span>\n\t<\/a>\n\n<a href=\"#gym-turf-with-5mm-pu-foam\" class=\"button white is-link pb0 mb0\"  >\n\t\t<span>Pelouse en mousse de PU de 5 mm d'\u00e9paisseur<\/span>\n\t<\/a>\n\n<a href=\"#sport-artificial-grass\" class=\"button white is-link pb0 mb0\"  >\n\t\t<span>gazon artificiel pour le sport<\/span>\n\t<\/a>\n\n<a href=\"#landscaping-grass\" class=\"button white is-link pb0 mb0\"  >\n\t\t<span>Am\u00e9nagement paysager du gazon<\/span>\n\t<\/a>\n\n\t\t<\/div>\n\t\t\t\t\t<\/div>\n\n\t\n<\/div>\n              <\/div>\n           <\/div>\n       <\/div>                     \n<style>\n#text-box-1755102871 {\n  width: 81%;\n}\n#text-box-1755102871 .text-box-content {\n  font-size: 179%;\n}\n@media (min-width:550px) {\n  #text-box-1755102871 {\n    width: 100%;\n  }\n  #text-box-1755102871 .text-box-content {\n    font-size: 104%;\n  }\n}\n<\/style>\n    <\/div>\n \n        <\/div>\n      <\/div>\n\n            \n<style>\n#banner-145036948 {\n  padding-top: 210px;\n  background-color: rgb(0, 0, 0);\n}\n#banner-145036948 .overlay {\n  background-color: rgba(0, 0, 0, 0.541);\n}\n@media (min-width:550px) {\n  #banner-145036948 {\n    padding-top: 591px;\n  }\n}\n@media (min-width:850px) {\n  #banner-145036948 {\n    padding-top: 600px;\n  }\n}\n<\/style>\n  <\/div>\n\n\n\t\t<\/div>\n\n\t\t\n<style>\n#section_1685719967 {\n  padding-top: 0px;\n  padding-bottom: 0px;\n}\n<\/style>\n\t<\/section>\n\t\n\n\t<section class=\"section\" id=\"section_204142281\">\n\t\t<div class=\"section-bg fill\" >\n\t\t\t\t\t\t\t\t\t\n\t\t\t\n\n\t\t<\/div>\n\n\t\t\n\n\t\t<div class=\"section-content relative\">\n\t\t\t\n<div class=\"row row-large\"  id=\"row-557186474\">\n\n\t<div id=\"col-1448912877\" class=\"col faq-list medium-6 small-12 large-6\"  >\n\t\t\t\t<div class=\"col-inner\"  >\n\t\t\t\n\t\t\t\n<div class=\"accordion\">\n\t<div id=\"accordion-2200808049\" class=\"accordion-item\">\n\t\t<a id=\"accordion-2200808049-label\" class=\"accordion-title plain active\" href=\"#accordion-item-how-do-i-choose-the-right-type-of-flooring-for-my-venue?\" aria-expanded=\"true\" aria-controls=\"accordion-2200808049-content\" >\n\t\t\t<button class=\"toggle\" aria-label=\"Basculer\"><i class=\"icon-angle-down\"><\/i><\/button>\n\t\t\t<span>Comment choisir le bon type de rev\u00eatement de sol pour ma salle ?<\/span>\n\t\t<\/a>\n\t\t<div id=\"accordion-2200808049-content\" class=\"accordion-inner\" style=\"display: block;\" aria-labelledby=\"accordion-2200808049-label\" >\n\t\t\t\n<p>Les sols en caoutchouc conviennent aux salles de sport, les sols en PVC sont id\u00e9aux pour les terrains de badminton et de tennis de table int\u00e9rieurs, et les tatamis conviennent aux salles d'arts martiaux. Nous pouvons vous fournir des conseils professionnels en fonction de vos besoins sp\u00e9cifiques.<\/p>\n\t\t<\/div>\n\t<\/div>\n\t\n\t<div id=\"accordion-2512097352\" class=\"accordion-item\">\n\t\t<a id=\"accordion-2512097352-label\" class=\"accordion-title plain\" href=\"#accordion-item-what-certifications-do-your-flooring-have?\" aria-expanded=\"false\" aria-controls=\"accordion-2512097352-content\" >\n\t\t\t<button class=\"toggle\" aria-label=\"Basculer\"><i class=\"icon-angle-down\"><\/i><\/button>\n\t\t\t<span>Quelles sont les certifications de votre rev\u00eatement de sol ?<\/span>\n\t\t<\/a>\n\t\t<div id=\"accordion-2512097352-content\" class=\"accordion-inner\" aria-labelledby=\"accordion-2512097352-label\" >\n\t\t\t\n<p>Nos produits ont obtenu les certifications CE et REACH, ce qui garantit qu'ils sont s\u00fbrs et respectueux de l'environnement pour les utilisateurs.<\/p>\n\t\t<\/div>\n\t<\/div>\n\t\n\t<div id=\"accordion-1623810756\" class=\"accordion-item\">\n\t\t<a id=\"accordion-1623810756-label\" class=\"accordion-title plain\" href=\"#accordion-item-what-is-the-installation-process-for-flooring?-do-i-need-a-professional?\" aria-expanded=\"false\" aria-controls=\"accordion-1623810756-content\" >\n\t\t\t<button class=\"toggle\" aria-label=\"Basculer\"><i class=\"icon-angle-down\"><\/i><\/button>\n\t\t\t<span>Quel est le processus d'installation d'un rev\u00eatement de sol ? Dois-je faire appel \u00e0 un professionnel ?<\/span>\n\t\t<\/a>\n\t\t<div id=\"accordion-1623810756-content\" class=\"accordion-inner\" aria-labelledby=\"accordion-1623810756-label\" >\n\t\t\t\n<p>Les m\u00e9thodes de pose varient selon les types de rev\u00eatements de sol. Certains peuvent \u00eatre install\u00e9s soi-m\u00eame, tandis que d'autres peuvent n\u00e9cessiter l'aide d'un professionnel. Nous fournissons des directives d'installation d\u00e9taill\u00e9es et pouvons proposer des services d'installation professionnels si n\u00e9cessaire.<\/p>\n\t\t<\/div>\n\t<\/div>\n\t\n\t<div id=\"accordion-2033641182\" class=\"accordion-item\">\n\t\t<a id=\"accordion-2033641182-label\" class=\"accordion-title plain\" href=\"#accordion-item-how-do-i-maintain-and-clean-my-flooring-to-extend-its-lifespan?\" aria-expanded=\"false\" aria-controls=\"accordion-2033641182-content\" >\n\t\t\t<button class=\"toggle\" aria-label=\"Basculer\"><i class=\"icon-angle-down\"><\/i><\/button>\n\t\t\t<span>Comment entretenir et nettoyer mon rev\u00eatement de sol pour prolonger sa dur\u00e9e de vie ?<\/span>\n\t\t<\/a>\n\t\t<div id=\"accordion-2033641182-content\" class=\"accordion-inner\" aria-labelledby=\"accordion-2033641182-label\" >\n\t\t\t\n<p>Un nettoyage r\u00e9gulier et un entretien ad\u00e9quat permettent de prolonger la dur\u00e9e de vie de votre rev\u00eatement de sol. Nous proposons des guides d'entretien et de nettoyage pour chaque type de rev\u00eatement de sol afin que votre salle soit toujours la plus belle possible.<\/p>\n\t\t<\/div>\n\t<\/div>\n\t\n\t<div id=\"accordion-3222706644\" class=\"accordion-item\">\n\t\t<a id=\"accordion-3222706644-label\" class=\"accordion-title plain\" href=\"#accordion-item-do-you-offer-customization-of-flooring?\" aria-expanded=\"false\" aria-controls=\"accordion-3222706644-content\" >\n\t\t\t<button class=\"toggle\" aria-label=\"Basculer\"><i class=\"icon-angle-down\"><\/i><\/button>\n\t\t\t<span>Offrez-vous la possibilit\u00e9 de personnaliser les rev\u00eatements de sol ?<\/span>\n\t\t<\/a>\n\t\t<div id=\"accordion-3222706644-content\" class=\"accordion-inner\" aria-labelledby=\"accordion-3222706644-label\" >\n\t\t\t\n<p>Oui, nous pouvons personnaliser la taille, l'\u00e9paisseur, la couleur et le motif pour r\u00e9pondre aux besoins uniques des diff\u00e9rents sites.<\/p>\n\t\t<\/div>\n\t<\/div>\n\t\n\t<div id=\"accordion-1395238774\" class=\"accordion-item\">\n\t\t<a id=\"accordion-1395238774-label\" class=\"accordion-title plain\" href=\"#accordion-item-how-durable-is-the-flooring?-what-is-its-service-life?\" aria-expanded=\"false\" aria-controls=\"accordion-1395238774-content\" >\n\t\t\t<button class=\"toggle\" aria-label=\"Basculer\"><i class=\"icon-angle-down\"><\/i><\/button>\n\t\t\t<span>Quelle est la durabilit\u00e9 du rev\u00eatement de sol ? Quelle est sa dur\u00e9e de vie ?<\/span>\n\t\t<\/a>\n\t\t<div id=\"accordion-1395238774-content\" class=\"accordion-inner\" aria-labelledby=\"accordion-1395238774-label\" >\n\t\t\t\n<p>Nos rev\u00eatements de sol sont fabriqu\u00e9s \u00e0 partir de mat\u00e9riaux de haute qualit\u00e9, offrant une excellente durabilit\u00e9. Avec une utilisation normale et un entretien ad\u00e9quat, la dur\u00e9e de vie des rev\u00eatements de sol peut d\u00e9passer six ans.<\/p>\n\t\t<\/div>\n\t<\/div>\n\t\n\t<div id=\"accordion-3178727738\" class=\"accordion-item\">\n\t\t<a id=\"accordion-3178727738-label\" class=\"accordion-title plain\" href=\"#accordion-item-do-the-flooring-have-anti-slip-properties?\" aria-expanded=\"false\" aria-controls=\"accordion-3178727738-content\" >\n\t\t\t<button class=\"toggle\" aria-label=\"Basculer\"><i class=\"icon-angle-down\"><\/i><\/button>\n\t\t\t<span>Les rev\u00eatements de sol ont-ils des propri\u00e9t\u00e9s antid\u00e9rapantes ?<\/span>\n\t\t<\/a>\n\t\t<div id=\"accordion-3178727738-content\" class=\"accordion-inner\" aria-labelledby=\"accordion-3178727738-label\" >\n\t\t\t\n<p>Nos rev\u00eatements de sol sont con\u00e7us dans un souci de s\u00e9curit\u00e9 et poss\u00e8dent de bonnes propri\u00e9t\u00e9s antid\u00e9rapantes, ce qui les rend adapt\u00e9s \u00e0 divers sites sportifs et garantit la s\u00e9curit\u00e9 des athl\u00e8tes.<\/p>\n\t\t<\/div>\n\t<\/div>\n\t\n\t<div id=\"accordion-49989392\" class=\"accordion-item\">\n\t\t<a id=\"accordion-49989392-label\" class=\"accordion-title plain\" href=\"#accordion-item-if-the-flooring-is-damaged,-do-you-provide-repair-or-replacement-services?\" aria-expanded=\"false\" aria-controls=\"accordion-49989392-content\" >\n\t\t\t<button class=\"toggle\" aria-label=\"Basculer\"><i class=\"icon-angle-down\"><\/i><\/button>\n\t\t\t<span>Si le rev\u00eatement de sol est endommag\u00e9, proposez-vous des services de r\u00e9paration ou de remplacement ?<\/span>\n\t\t<\/a>\n\t\t<div id=\"accordion-49989392-content\" class=\"accordion-inner\" aria-labelledby=\"accordion-49989392-label\" >\n\t\t\t\n<p>Nous offrons des services apr\u00e8s-vente complets, y compris la r\u00e9paration et le remplacement des rev\u00eatements de sol. En cas de probl\u00e8me, vous pouvez contacter notre service client\u00e8le \u00e0 tout moment.<\/p>\n\t\t<\/div>\n\t<\/div>\n\t\n\t<div id=\"accordion-299811565\" class=\"accordion-item\">\n\t\t<a id=\"accordion-299811565-label\" class=\"accordion-title plain\" href=\"#accordion-item-are-your-flooring-suitable-for-outdoor-areas?\" aria-expanded=\"false\" aria-controls=\"accordion-299811565-content\" >\n\t\t\t<button class=\"toggle\" aria-label=\"Basculer\"><i class=\"icon-angle-down\"><\/i><\/button>\n\t\t\t<span>Vos rev\u00eatements de sol sont-ils adapt\u00e9s aux espaces ext\u00e9rieurs ?<\/span>\n\t\t<\/a>\n\t\t<div id=\"accordion-299811565-content\" class=\"accordion-inner\" aria-labelledby=\"accordion-299811565-label\" >\n\t\t\t\n<p>Nous fournissons du gazon artificiel et d'autres rev\u00eatements de sol adapt\u00e9s aux sites ext\u00e9rieurs, offrant une r\u00e9sistance aux intemp\u00e9ries et une durabilit\u00e9 pour divers contextes sportifs ext\u00e9rieurs.<\/p>\n\t\t<\/div>\n\t<\/div>\n\t\n\t<div id=\"accordion-1086306544\" class=\"accordion-item\">\n\t\t<a id=\"accordion-1086306544-label\" class=\"accordion-title plain\" href=\"#accordion-item-are-your-flooring-fireproof?\" aria-expanded=\"false\" aria-controls=\"accordion-1086306544-content\" >\n\t\t\t<button class=\"toggle\" aria-label=\"Basculer\"><i class=\"icon-angle-down\"><\/i><\/button>\n\t\t\t<span>Vos rev\u00eatements de sol sont-ils ignifug\u00e9s ?<\/span>\n\t\t<\/a>\n\t\t<div id=\"accordion-1086306544-content\" class=\"accordion-inner\" aria-labelledby=\"accordion-1086306544-label\" >\n\t\t\t\n<p>Nos rev\u00eatements de sol sont conformes aux normes de pr\u00e9vention des incendies en vigueur et pr\u00e9sentent une bonne r\u00e9sistance au feu pour garantir une utilisation s\u00fbre.<\/p>\n\t\t<\/div>\n\t<\/div>\n\t\n<\/div>\n\t\t<\/div>\n\t\t\t\t\t<\/div>\n\n\t\n\n\t<div id=\"col-1851520696\" class=\"col pb0 mb0 image medium-12 small-12 large-6\"  >\n\t\t\t\t<div class=\"col-inner text-left\"  >\n\t\t\t\n\t\t\t\n\t<div id=\"text-275191080\" class=\"text pb0 mb0\">\n\t\t\n<h3>Contactez-nous pour d'autres questions<\/h3>\n\t\t\n<style>\n#text-275191080 {\n  font-size: 1.5rem;\n  line-height: 1.4;\n}\n@media (min-width:550px) {\n  #text-275191080 {\n    font-size: 2rem;\n    line-height: 0.75;\n  }\n}\n@media (min-width:850px) {\n  #text-275191080 {\n    font-size: 1.35rem;\n  }\n}\n<\/style>\n\t<\/div>\n\t\n\t<div id=\"gap-372190015\" class=\"gap-element clearfix\" style=\"display:block; height:auto;\">\n\t\t\n<style>\n#gap-372190015 {\n  padding-top: 30px;\n}\n<\/style>\n\t<\/div>\n\t\n\n<div class='fluentform ff-default fluentform_wrapper_2 ffs_default_wrap'><form data-form_id=\"2\" id=\"fluentform_2\" class=\"frm-fluent-form fluent_form_2 ff-el-form-top ff_form_instance_2_1 ff-form-loading ff_has_v3_recptcha ffs_default\" data-form_instance=\"ff_form_instance_2_1\" method=\"POST\" data-recptcha_key=\"6Le12tsqAAAAAB_sMsKbGMsL96BDVq9l-fnVixW2\" action=\"\" ><fieldset  style=\"border: none!important;margin: 0!important;padding: 0!important;background-color: transparent!important;box-shadow: none!important;outline: none!important; min-inline-size: 100%;\">\n                    <legend class=\"ff_screen_reader_title\" style=\"display: block; margin: 0!important;padding: 0!important;height: 0!important;text-indent: -999999px;width: 0!important;overflow:hidden;\">Contact<\/legend><input type='hidden' name='__fluent_form_embded_post_id' value='559' \/><input type=\"hidden\" id=\"_fluentform_2_fluentformnonce\" name=\"_fluentform_2_fluentformnonce\" value=\"da2cc2a6f6\" \/><input type=\"hidden\" name=\"_wp_http_referer\" value=\"\/fr\/wp-json\/wp\/v2\/pages\/559\" \/><div class='ff-el-group'><div class=\"ff-el-input--label ff-el-is-required asterisk-right\"><label for='ff_2_Name' aria-label=\"Nom\">Nom<\/label><\/div><div class='ff-el-input--content'><input type=\"text\" name=\"Name\" class=\"ff-el-form-control\" placeholder=\"Votre nom\" data-name=\"Name\" id=\"ff_2_Name\"  aria-invalid=\"false\" aria-required=\"true\"><\/div><\/div><div class='ff-el-group'><div class=\"ff-el-input--label ff-el-is-required asterisk-right\"><label for='ff_2_email' aria-label=\"Courriel\">Courriel<\/label><\/div><div class='ff-el-input--content'><input type=\"email\" name=\"email\" id=\"ff_2_email\" class=\"ff-el-form-control\" placeholder=\"Adresse \u00e9lectronique\" data-name=\"email\"  aria-invalid=\"false\" aria-required=\"true\"><\/div><\/div><div class='ff-el-group'><div class=\"ff-el-input--label asterisk-right\"><label for='ff_2_numeric_field' aria-label=\"Num\u00e9ro de t\u00e9l\u00e9phone\">Num\u00e9ro de t\u00e9l\u00e9phone<\/label><\/div><div class='ff-el-input--content'><input type=\"number\" name=\"numeric_field\" id=\"ff_2_numeric_field\" class=\"ff-el-form-control\" placeholder=\"Num\u00e9ro de t\u00e9l\u00e9phone\" data-name=\"numeric_field\" inputmode=\"numeric\" step=\"any\"  aria-invalid=\"false\" aria-required=\"false\"><\/div><\/div><div class='ff-el-group'><div class=\"ff-el-input--label ff-el-is-required asterisk-right\"><label for='ff_2_Message' aria-label=\"Message\">Message<\/label><\/div><div class='ff-el-input--content'><textarea aria-invalid=\"false\" aria-required=\"true\" name=\"Message\" id=\"ff_2_Message\" class=\"ff-el-form-control\" placeholder=\"Message\" rows=\"6\" cols=\"6\" data-name=\"Message\" ><\/textarea><\/div><\/div><div class='ff-el-group ff-text-right ff_submit_btn_wrapper ff_submit_btn_wrapper_custom'><button class=\"ff-btn ff-btn-submit ff-btn-md expand  ff_btn_style\" type=\"submit\" name=\"custom_submit_button-2_1\" data-name=\"custom_submit_button-2_1\" >Envoyer<\/button><style>form.fluent_form_2 .ff-btn-submit { background-color: #1a7efb; color: #ffffff; }<\/style><\/div><\/fieldset><input type=\"hidden\" name=\"trp-form-language\" value=\"fr\"\/><\/form><div id='fluentform_2_errors' class='ff-errors-in-stack ff_form_instance_2_1 ff-form-loading_errors ff_form_instance_2_1_errors'><\/div><\/div>        <script type=\"text\/javascript\">\n            window.fluent_form_ff_form_instance_2_1 = {\"id\":\"2\",\"settings\":{\"layout\":{\"labelPlacement\":\"top\",\"helpMessagePlacement\":\"with_label\",\"errorMessagePlacement\":\"inline\",\"asteriskPlacement\":\"asterisk-right\"},\"restrictions\":{\"denyEmptySubmission\":{\"enabled\":false}}},\"form_instance\":\"ff_form_instance_2_1\",\"form_id_selector\":\"fluentform_2\",\"rules\":{\"Name\":{\"required\":{\"value\":true,\"message\":\"Ce champ est obligatoire\",\"global_message\":\"This field is required\",\"global\":true}},\"email\":{\"required\":{\"value\":true,\"message\":\"Ce champ est obligatoire\",\"global_message\":\"This field is required\",\"global\":true},\"email\":{\"value\":true,\"message\":\"Ce champ doit contenir un e-mail valide\",\"global_message\":\"This field must contain a valid email\",\"global\":true}},\"numeric_field\":{\"required\":{\"value\":false,\"message\":\"Ce champ est obligatoire\",\"global_message\":\"This field is required\",\"global\":true},\"numeric\":{\"value\":true,\"message\":\"Ce champ doit contenir une valeur num\\u00e9rique\",\"global_message\":\"This field must contain numeric value\",\"global\":true},\"min\":{\"value\":\"\",\"message\":\"\\u00c9chec de la validation pour la valeur minimale\",\"global_message\":\"Validation fails for minimum value\",\"global\":true},\"max\":{\"value\":\"\",\"message\":\"\\u00c9chec de la validation pour la valeur maximale\",\"global_message\":\"Validation fails for maximum value\",\"global\":true},\"digits\":{\"value\":\"\",\"message\":\"La validation \\u00e9choue pour un nombre limit\\u00e9 de chiffres\",\"global_message\":\"Validation fails for limited digits\",\"global\":true}},\"Message\":{\"required\":{\"value\":true,\"message\":\"Ce champ est obligatoire\",\"global_message\":\"This field is required\",\"global\":true}},\"g-recaptcha-response\":[]},\"debounce_time\":300};\n                    <\/script>\n        \n\n\t\t<\/div>\n\t\t\t\t\n<style>\n#col-1851520696 > .col-inner {\n  max-width: 600px;\n}\n<\/style>\n\t<\/div>\n\n\t\n<\/div>\n\t\t<\/div>\n\n\t\t\n<style>\n#section_204142281 {\n  padding-top: 60px;\n  padding-bottom: 60px;\n}\n<\/style>\n\t<\/section>","protected":false},"excerpt":{"rendered":"","protected":false},"author":1,"featured_media":0,"parent":0,"menu_order":0,"comment_status":"closed","ping_status":"closed","template":"page-blank.php","meta":{"footnotes":""},"class_list":["post-559","page","type-page","status-publish","hentry"],"yoast_head":"<!-- This site is optimized with the Yoast SEO plugin v24.6 - https:\/\/yoast.com\/wordpress\/plugins\/seo\/ -->\n<title>FAQs - MF FLOOR<\/title>\n<meta name=\"robots\" content=\"index, follow, max-snippet:-1, max-image-preview:large, max-video-preview:-1\" \/>\n<link rel=\"canonical\" href=\"https:\/\/meettfit.com\/fr\/faqs\/\" \/>\n<meta property=\"og:locale\" content=\"fr_FR\" \/>\n<meta property=\"og:type\" content=\"article\" \/>\n<meta property=\"og:title\" content=\"FAQs - MF FLOOR\" \/>\n<meta property=\"og:url\" content=\"https:\/\/meettfit.com\/fr\/faqs\/\" \/>\n<meta property=\"og:site_name\" content=\"MF FLOOR\" \/>\n<meta property=\"article:publisher\" content=\"https:\/\/www.facebook.com\/profile.php?id=100079773047357\" \/>\n<meta property=\"article:modified_time\" content=\"2025-03-07T09:48:51+00:00\" \/>\n<meta property=\"og:image\" content=\"https:\/\/meettfit.com\/wp-content\/uploads\/2025\/02\/cropped-icon.png\" \/>\n\t<meta property=\"og:image:width\" content=\"512\" \/>\n\t<meta property=\"og:image:height\" content=\"512\" \/>\n\t<meta property=\"og:image:type\" content=\"image\/png\" \/>\n<meta name=\"twitter:card\" content=\"summary_large_image\" \/>\n<meta name=\"twitter:label1\" content=\"Dur\u00e9e de lecture estim\u00e9e\" \/>\n\t<meta name=\"twitter:data1\" content=\"3 minutes\" \/>\n<script type=\"application\/ld+json\" class=\"yoast-schema-graph\">{\"@context\":\"https:\/\/schema.org\",\"@graph\":[{\"@type\":\"WebPage\",\"@id\":\"https:\/\/meettfit.com\/faqs\/\",\"url\":\"https:\/\/meettfit.com\/faqs\/\",\"name\":\"FAQs - MF FLOOR\",\"isPartOf\":{\"@id\":\"https:\/\/meettfit.com\/#website\"},\"datePublished\":\"2025-02-07T15:38:25+00:00\",\"dateModified\":\"2025-03-07T09:48:51+00:00\",\"breadcrumb\":{\"@id\":\"https:\/\/meettfit.com\/faqs\/#breadcrumb\"},\"inLanguage\":\"fr-FR\",\"potentialAction\":[{\"@type\":\"ReadAction\",\"target\":[\"https:\/\/meettfit.com\/faqs\/\"]}]},{\"@type\":\"BreadcrumbList\",\"@id\":\"https:\/\/meettfit.com\/faqs\/#breadcrumb\",\"itemListElement\":[{\"@type\":\"ListItem\",\"position\":1,\"name\":\"Home\",\"item\":\"https:\/\/meettfit.com\/\"},{\"@type\":\"ListItem\",\"position\":2,\"name\":\"FAQs\"}]},{\"@type\":\"WebSite\",\"@id\":\"https:\/\/meettfit.com\/#website\",\"url\":\"https:\/\/meettfit.com\/\",\"name\":\"MF FLOOR\",\"description\":\"fitness and sports floor China factory\",\"publisher\":{\"@id\":\"https:\/\/meettfit.com\/#organization\"},\"alternateName\":\"MF FLOOR\",\"potentialAction\":[{\"@type\":\"SearchAction\",\"target\":{\"@type\":\"EntryPoint\",\"urlTemplate\":\"https:\/\/meettfit.com\/?s={search_term_string}\"},\"query-input\":{\"@type\":\"PropertyValueSpecification\",\"valueRequired\":true,\"valueName\":\"search_term_string\"}}],\"inLanguage\":\"fr-FR\"},{\"@type\":\"Organization\",\"@id\":\"https:\/\/meettfit.com\/#organization\",\"name\":\"MF FLOOR\",\"alternateName\":\"MF FLOOR\",\"url\":\"https:\/\/meettfit.com\/\",\"logo\":{\"@type\":\"ImageObject\",\"inLanguage\":\"fr-FR\",\"@id\":\"https:\/\/meettfit.com\/#\/schema\/logo\/image\/\",\"url\":\"https:\/\/meettfit.com\/wp-content\/uploads\/2025\/02\/cropped-icon.png\",\"contentUrl\":\"https:\/\/meettfit.com\/wp-content\/uploads\/2025\/02\/cropped-icon.png\",\"width\":512,\"height\":512,\"caption\":\"MF FLOOR\"},\"image\":{\"@id\":\"https:\/\/meettfit.com\/#\/schema\/logo\/image\/\"},\"sameAs\":[\"https:\/\/www.facebook.com\/profile.php?id=100079773047357\"]}]}<\/script>\n<!-- \/ Yoast SEO plugin. -->","yoast_head_json":{"title":"FAQs - MF FLOOR","robots":{"index":"index","follow":"follow","max-snippet":"max-snippet:-1","max-image-preview":"max-image-preview:large","max-video-preview":"max-video-preview:-1"},"canonical":"https:\/\/meettfit.com\/fr\/faqs\/","og_locale":"fr_FR","og_type":"article","og_title":"FAQs - MF FLOOR","og_url":"https:\/\/meettfit.com\/fr\/faqs\/","og_site_name":"MF FLOOR","article_publisher":"https:\/\/www.facebook.com\/profile.php?id=100079773047357","article_modified_time":"2025-03-07T09:48:51+00:00","og_image":[{"width":512,"height":512,"url":"https:\/\/meettfit.com\/wp-content\/uploads\/2025\/02\/cropped-icon.png","type":"image\/png"}],"twitter_card":"summary_large_image","twitter_misc":{"Dur\u00e9e de lecture estim\u00e9e":"3 minutes"},"schema":{"@context":"https:\/\/schema.org","@graph":[{"@type":"WebPage","@id":"https:\/\/meettfit.com\/faqs\/","url":"https:\/\/meettfit.com\/faqs\/","name":"FAQs - MF FLOOR","isPartOf":{"@id":"https:\/\/meettfit.com\/#website"},"datePublished":"2025-02-07T15:38:25+00:00","dateModified":"2025-03-07T09:48:51+00:00","breadcrumb":{"@id":"https:\/\/meettfit.com\/faqs\/#breadcrumb"},"inLanguage":"fr-FR","potentialAction":[{"@type":"ReadAction","target":["https:\/\/meettfit.com\/faqs\/"]}]},{"@type":"BreadcrumbList","@id":"https:\/\/meettfit.com\/faqs\/#breadcrumb","itemListElement":[{"@type":"ListItem","position":1,"name":"Home","item":"https:\/\/meettfit.com\/"},{"@type":"ListItem","position":2,"name":"FAQs"}]},{"@type":"WebSite","@id":"https:\/\/meettfit.com\/#website","url":"https:\/\/meettfit.com\/","name":"MF FLOOR","description":"fitness and sports floor China factory","publisher":{"@id":"https:\/\/meettfit.com\/#organization"},"alternateName":"MF FLOOR","potentialAction":[{"@type":"SearchAction","target":{"@type":"EntryPoint","urlTemplate":"https:\/\/meettfit.com\/?s={search_term_string}"},"query-input":{"@type":"PropertyValueSpecification","valueRequired":true,"valueName":"search_term_string"}}],"inLanguage":"fr-FR"},{"@type":"Organization","@id":"https:\/\/meettfit.com\/#organization","name":"MF FLOOR","alternateName":"MF FLOOR","url":"https:\/\/meettfit.com\/","logo":{"@type":"ImageObject","inLanguage":"fr-FR","@id":"https:\/\/meettfit.com\/#\/schema\/logo\/image\/","url":"https:\/\/meettfit.com\/wp-content\/uploads\/2025\/02\/cropped-icon.png","contentUrl":"https:\/\/meettfit.com\/wp-content\/uploads\/2025\/02\/cropped-icon.png","width":512,"height":512,"caption":"MF FLOOR"},"image":{"@id":"https:\/\/meettfit.com\/#\/schema\/logo\/image\/"},"sameAs":["https:\/\/www.facebook.com\/profile.php?id=100079773047357"]}]}},"_links":{"self":[{"href":"https:\/\/meettfit.com\/fr\/wp-json\/wp\/v2\/pages\/559","targetHints":{"allow":["GET"]}}],"collection":[{"href":"https:\/\/meettfit.com\/fr\/wp-json\/wp\/v2\/pages"}],"about":[{"href":"https:\/\/meettfit.com\/fr\/wp-json\/wp\/v2\/types\/page"}],"author":[{"embeddable":true,"href":"https:\/\/meettfit.com\/fr\/wp-json\/wp\/v2\/users\/1"}],"replies":[{"embeddable":true,"href":"https:\/\/meettfit.com\/fr\/wp-json\/wp\/v2\/comments?post=559"}],"version-history":[{"count":17,"href":"https:\/\/meettfit.com\/fr\/wp-json\/wp\/v2\/pages\/559\/revisions"}],"predecessor-version":[{"id":1020,"href":"https:\/\/meettfit.com\/fr\/wp-json\/wp\/v2\/pages\/559\/revisions\/1020"}],"wp:attachment":[{"href":"https:\/\/meettfit.com\/fr\/wp-json\/wp\/v2\/media?parent=559"}],"curies":[{"name":"wp","href":"https:\/\/api.w.org\/{rel}","templated":true}]}}