{"id":559,"date":"2025-02-07T23:38:25","date_gmt":"2025-02-07T15:38:25","guid":{"rendered":"https:\/\/meettfit.com\/?page_id=559"},"modified":"2025-03-07T17:48:51","modified_gmt":"2025-03-07T09:48:51","slug":"faqs","status":"publish","type":"page","link":"https:\/\/meettfit.com\/es\/preguntas-frecuentes\/","title":{"rendered":"Preguntas frecuentes"},"content":{"rendered":"<section class=\"section\" id=\"section_1059611884\">\n\t\t<div class=\"section-bg fill\" >\n\t\t\t\t\t\t\t\t\t\n\t\t\t\n\n\t\t<\/div>\n\n\t\t\n\n\t\t<div class=\"section-content relative\">\n\t\t\t\n\n  <div class=\"banner has-hover\" id=\"banner-519510320\">\n          <div class=\"banner-inner fill\">\n        <div class=\"banner-bg fill\" >\n            <img loading=\"lazy\" decoding=\"async\" width=\"1808\" height=\"720\" src=\"https:\/\/meettfit.com\/wp-content\/uploads\/2025\/02\/faq.webp\" class=\"bg attachment-original size-original\" alt=\"Faq\" \/>                        <div class=\"overlay\"><\/div>            \n                    <\/div>\n\t\t\n        <div class=\"banner-layers container\">\n            <div class=\"fill banner-link\"><\/div>            \n   <div id=\"text-box-1001739257\" class=\"text-box banner-layer x50 md-x50 lg-x50 y90 md-y25 lg-y50 res-text\">\n                     <div data-animate=\"fadeInLeft\">           <div class=\"text-box-content text dark text-shadow-2\">\n              \n              <div class=\"text-inner text-center\">\n                  \n<div class=\"row\"  id=\"row-868526709\">\n\n\t<div id=\"col-399450181\" class=\"col small-12 large-12\"  data-animate=\"fadeInLeft\">\n\t\t\t\t<div class=\"col-inner\"  >\n\t\t\t\n\t\t\t\n\t<div id=\"text-3393053372\" class=\"text\">\n\t\t\n<h3 class=\"uppercase\"><strong>FAqs<\/strong><\/h3>\n\t\t\n<style>\n#text-3393053372 {\n  font-size: 1.6rem;\n  text-align: center;\n}\n@media (min-width:550px) {\n  #text-3393053372 {\n    font-size: 1.85rem;\n  }\n}\n@media (min-width:850px) {\n  #text-3393053372 {\n    text-align: center;\n  }\n}\n<\/style>\n\t<\/div>\n\t\n\n<span><span><a href=\"https:\/\/meettfit.com\/es\/\">Inicio<\/a><\/span><\/span>\n\n\t\t<\/div>\n\t\t\t\t\t<\/div>\n\n\t\n<\/div>\n              <\/div>\n           <\/div>\n       <\/div>                     \n<style>\n#text-box-1001739257 {\n  width: 81%;\n}\n#text-box-1001739257 .text-box-content {\n  font-size: 179%;\n}\n@media (min-width:550px) {\n  #text-box-1001739257 {\n    width: 80%;\n  }\n  #text-box-1001739257 .text-box-content {\n    font-size: 100%;\n  }\n}\n<\/style>\n    <\/div>\n \n   <div id=\"text-box-1857975406\" class=\"text-box banner-layer hidden x95 md-x50 lg-x50 y50 md-y40 lg-y100 res-text\">\n                     <div data-animate=\"fadeInLeft\">           <div class=\"text-box-content text dark\">\n              \n              <div class=\"text-inner text-center\">\n                  \n<div class=\"row row-collapse\"  id=\"row-592214037\">\n\n\t<div id=\"col-1734510312\" class=\"col pb0 mb0 small-12 large-12\"  >\n\t\t\t\t<div class=\"col-inner text-center\"  >\n\t\t\t\n\t\t\t\n<a href=\"#multi-purpose-artificial-grass\" class=\"button white is-link pb0 mb0\"  >\n\t\t<span>C\u00e9sped artificial multiusos<\/span>\n\t<\/a>\n\n<a href=\"#gym-turf-with-5mm-pu-foam\" class=\"button white is-link pb0 mb0\"  >\n\t\t<span>C\u00e9sped con espuma de PU de 5 mm<\/span>\n\t<\/a>\n\n<a href=\"#sport-artificial-grass\" class=\"button white is-link pb0 mb0\"  >\n\t\t<span>c\u00e9sped artificial deportivo<\/span>\n\t<\/a>\n\n<a href=\"#landscaping-grass\" class=\"button white is-link pb0 mb0\"  >\n\t\t<span>Paisajismo c\u00e9sped<\/span>\n\t<\/a>\n\n\t\t<\/div>\n\t\t\t\t\t<\/div>\n\n\t\n<\/div>\n              <\/div>\n           <\/div>\n       <\/div>                     \n<style>\n#text-box-1857975406 {\n  width: 81%;\n}\n#text-box-1857975406 .text-box-content {\n  font-size: 179%;\n}\n@media (min-width:550px) {\n  #text-box-1857975406 {\n    width: 100%;\n  }\n  #text-box-1857975406 .text-box-content {\n    font-size: 104%;\n  }\n}\n<\/style>\n    <\/div>\n \n        <\/div>\n      <\/div>\n\n            \n<style>\n#banner-519510320 {\n  padding-top: 210px;\n  background-color: rgb(0, 0, 0);\n}\n#banner-519510320 .overlay {\n  background-color: rgba(0, 0, 0, 0.541);\n}\n@media (min-width:550px) {\n  #banner-519510320 {\n    padding-top: 591px;\n  }\n}\n@media (min-width:850px) {\n  #banner-519510320 {\n    padding-top: 600px;\n  }\n}\n<\/style>\n  <\/div>\n\n\n\t\t<\/div>\n\n\t\t\n<style>\n#section_1059611884 {\n  padding-top: 0px;\n  padding-bottom: 0px;\n}\n<\/style>\n\t<\/section>\n\t\n\n\t<section class=\"section\" id=\"section_583723885\">\n\t\t<div class=\"section-bg fill\" >\n\t\t\t\t\t\t\t\t\t\n\t\t\t\n\n\t\t<\/div>\n\n\t\t\n\n\t\t<div class=\"section-content relative\">\n\t\t\t\n<div class=\"row row-large\"  id=\"row-488662229\">\n\n\t<div id=\"col-2055461584\" class=\"col faq-list medium-6 small-12 large-6\"  >\n\t\t\t\t<div class=\"col-inner\"  >\n\t\t\t\n\t\t\t\n<div class=\"accordion\">\n\t<div id=\"accordion-3459166463\" class=\"accordion-item\">\n\t\t<a id=\"accordion-3459166463-label\" class=\"accordion-title plain active\" href=\"#accordion-item-how-do-i-choose-the-right-type-of-flooring-for-my-venue?\" aria-expanded=\"true\" aria-controls=\"accordion-3459166463-content\" >\n\t\t\t<button class=\"toggle\" aria-label=\"Toggle\"><i class=\"icon-angle-down\"><\/i><\/button>\n\t\t\t<span>\u00bfC\u00f3mo elijo el tipo de suelo adecuado para mi local?<\/span>\n\t\t<\/a>\n\t\t<div id=\"accordion-3459166463-content\" class=\"accordion-inner\" style=\"display: block;\" aria-labelledby=\"accordion-3459166463-label\" >\n\t\t\t\n<p>Los suelos de caucho son adecuados para gimnasios, los de PVC son ideales para pistas cubiertas de b\u00e1dminton y tenis de mesa, y los tatamis son apropiados para salas de artes marciales. Podemos ofrecerle asesoramiento profesional en funci\u00f3n de sus necesidades espec\u00edficas.<\/p>\n\t\t<\/div>\n\t<\/div>\n\t\n\t<div id=\"accordion-3665659085\" class=\"accordion-item\">\n\t\t<a id=\"accordion-3665659085-label\" class=\"accordion-title plain\" href=\"#accordion-item-what-certifications-do-your-flooring-have?\" aria-expanded=\"false\" aria-controls=\"accordion-3665659085-content\" >\n\t\t\t<button class=\"toggle\" aria-label=\"Toggle\"><i class=\"icon-angle-down\"><\/i><\/button>\n\t\t\t<span>\u00bfQu\u00e9 certificaciones tienen sus suelos?<\/span>\n\t\t<\/a>\n\t\t<div id=\"accordion-3665659085-content\" class=\"accordion-inner\" aria-labelledby=\"accordion-3665659085-label\" >\n\t\t\t\n<p>Nuestros productos han superado las certificaciones CE y REACH, lo que garantiza que son seguros y respetuosos con el medio ambiente para los usuarios.<\/p>\n\t\t<\/div>\n\t<\/div>\n\t\n\t<div id=\"accordion-937377207\" class=\"accordion-item\">\n\t\t<a id=\"accordion-937377207-label\" class=\"accordion-title plain\" href=\"#accordion-item-what-is-the-installation-process-for-flooring?-do-i-need-a-professional?\" aria-expanded=\"false\" aria-controls=\"accordion-937377207-content\" >\n\t\t\t<button class=\"toggle\" aria-label=\"Toggle\"><i class=\"icon-angle-down\"><\/i><\/button>\n\t\t\t<span>\u00bfCu\u00e1l es el proceso de instalaci\u00f3n de un suelo? \u00bfNecesito un profesional?<\/span>\n\t\t<\/a>\n\t\t<div id=\"accordion-937377207-content\" class=\"accordion-inner\" aria-labelledby=\"accordion-937377207-label\" >\n\t\t\t\n<p>Los distintos tipos de suelos tienen diferentes m\u00e9todos de instalaci\u00f3n. Algunos pueden instalarse por uno mismo, mientras que otros pueden requerir ayuda profesional. Proporcionamos directrices de instalaci\u00f3n detalladas y podemos ofrecer servicios de instalaci\u00f3n profesional si es necesario.<\/p>\n\t\t<\/div>\n\t<\/div>\n\t\n\t<div id=\"accordion-3735204858\" class=\"accordion-item\">\n\t\t<a id=\"accordion-3735204858-label\" class=\"accordion-title plain\" href=\"#accordion-item-how-do-i-maintain-and-clean-my-flooring-to-extend-its-lifespan?\" aria-expanded=\"false\" aria-controls=\"accordion-3735204858-content\" >\n\t\t\t<button class=\"toggle\" aria-label=\"Toggle\"><i class=\"icon-angle-down\"><\/i><\/button>\n\t\t\t<span>\u00bfC\u00f3mo puedo mantener y limpiar mi suelo para prolongar su vida \u00fatil?<\/span>\n\t\t<\/a>\n\t\t<div id=\"accordion-3735204858-content\" class=\"accordion-inner\" aria-labelledby=\"accordion-3735204858-label\" >\n\t\t\t\n<p>Una limpieza regular y un mantenimiento adecuado ayudan a prolongar la vida \u00fatil de su suelo. Le ofrecemos gu\u00edas de mantenimiento y limpieza para cada tipo de suelo, para que su local tenga siempre el mejor aspecto.<\/p>\n\t\t<\/div>\n\t<\/div>\n\t\n\t<div id=\"accordion-2716453811\" class=\"accordion-item\">\n\t\t<a id=\"accordion-2716453811-label\" class=\"accordion-title plain\" href=\"#accordion-item-do-you-offer-customization-of-flooring?\" aria-expanded=\"false\" aria-controls=\"accordion-2716453811-content\" >\n\t\t\t<button class=\"toggle\" aria-label=\"Toggle\"><i class=\"icon-angle-down\"><\/i><\/button>\n\t\t\t<span>\u00bfOfrecen personalizaci\u00f3n de suelos?<\/span>\n\t\t<\/a>\n\t\t<div id=\"accordion-2716453811-content\" class=\"accordion-inner\" aria-labelledby=\"accordion-2716453811-label\" >\n\t\t\t\n<p>S\u00ed, podemos personalizar el tama\u00f1o, el grosor, el color y el dise\u00f1o para satisfacer las necesidades espec\u00edficas de los distintos lugares.<\/p>\n\t\t<\/div>\n\t<\/div>\n\t\n\t<div id=\"accordion-464928893\" class=\"accordion-item\">\n\t\t<a id=\"accordion-464928893-label\" class=\"accordion-title plain\" href=\"#accordion-item-how-durable-is-the-flooring?-what-is-its-service-life?\" aria-expanded=\"false\" aria-controls=\"accordion-464928893-content\" >\n\t\t\t<button class=\"toggle\" aria-label=\"Toggle\"><i class=\"icon-angle-down\"><\/i><\/button>\n\t\t\t<span>\u00bfCu\u00e1l es la durabilidad del suelo? \u00bfCu\u00e1l es su vida \u00fatil?<\/span>\n\t\t<\/a>\n\t\t<div id=\"accordion-464928893-content\" class=\"accordion-inner\" aria-labelledby=\"accordion-464928893-label\" >\n\t\t\t\n<p>Nuestros suelos est\u00e1n fabricados con materiales de alta calidad, que ofrecen una excelente durabilidad. Con un uso normal y un mantenimiento adecuado, la vida \u00fatil de los materiales de los suelos puede superar los seis a\u00f1os.<\/p>\n\t\t<\/div>\n\t<\/div>\n\t\n\t<div id=\"accordion-161467498\" class=\"accordion-item\">\n\t\t<a id=\"accordion-161467498-label\" class=\"accordion-title plain\" href=\"#accordion-item-do-the-flooring-have-anti-slip-properties?\" aria-expanded=\"false\" aria-controls=\"accordion-161467498-content\" >\n\t\t\t<button class=\"toggle\" aria-label=\"Toggle\"><i class=\"icon-angle-down\"><\/i><\/button>\n\t\t\t<span>\u00bfTiene el suelo propiedades antideslizantes?<\/span>\n\t\t<\/a>\n\t\t<div id=\"accordion-161467498-content\" class=\"accordion-inner\" aria-labelledby=\"accordion-161467498-label\" >\n\t\t\t\n<p>Nuestros suelos est\u00e1n dise\u00f1ados pensando en la seguridad y poseen buenas propiedades antideslizantes, por lo que son adecuados para diversos recintos deportivos y garantizan la seguridad de los atletas.<\/p>\n\t\t<\/div>\n\t<\/div>\n\t\n\t<div id=\"accordion-2423627424\" class=\"accordion-item\">\n\t\t<a id=\"accordion-2423627424-label\" class=\"accordion-title plain\" href=\"#accordion-item-if-the-flooring-is-damaged,-do-you-provide-repair-or-replacement-services?\" aria-expanded=\"false\" aria-controls=\"accordion-2423627424-content\" >\n\t\t\t<button class=\"toggle\" aria-label=\"Toggle\"><i class=\"icon-angle-down\"><\/i><\/button>\n\t\t\t<span>Si el suelo est\u00e1 da\u00f1ado, \u00bfofrecen servicios de reparaci\u00f3n o sustituci\u00f3n?<\/span>\n\t\t<\/a>\n\t\t<div id=\"accordion-2423627424-content\" class=\"accordion-inner\" aria-labelledby=\"accordion-2423627424-label\" >\n\t\t\t\n<p>Ofrecemos un completo servicio posventa, que incluye la reparaci\u00f3n y sustituci\u00f3n de suelos. Si tiene alg\u00fan problema, puede ponerse en contacto con nuestro equipo de atenci\u00f3n al cliente en cualquier momento.<\/p>\n\t\t<\/div>\n\t<\/div>\n\t\n\t<div id=\"accordion-3830982583\" class=\"accordion-item\">\n\t\t<a id=\"accordion-3830982583-label\" class=\"accordion-title plain\" href=\"#accordion-item-are-your-flooring-suitable-for-outdoor-areas?\" aria-expanded=\"false\" aria-controls=\"accordion-3830982583-content\" >\n\t\t\t<button class=\"toggle\" aria-label=\"Toggle\"><i class=\"icon-angle-down\"><\/i><\/button>\n\t\t\t<span>\u00bfSon sus suelos adecuados para zonas exteriores?<\/span>\n\t\t<\/a>\n\t\t<div id=\"accordion-3830982583-content\" class=\"accordion-inner\" aria-labelledby=\"accordion-3830982583-label\" >\n\t\t\t\n<p>Ofrecemos c\u00e9sped artificial y otros pavimentos adecuados para instalaciones al aire libre, con resistencia a la intemperie y durabilidad para diversos entornos deportivos de exterior.<\/p>\n\t\t<\/div>\n\t<\/div>\n\t\n\t<div id=\"accordion-2092050977\" class=\"accordion-item\">\n\t\t<a id=\"accordion-2092050977-label\" class=\"accordion-title plain\" href=\"#accordion-item-are-your-flooring-fireproof?\" aria-expanded=\"false\" aria-controls=\"accordion-2092050977-content\" >\n\t\t\t<button class=\"toggle\" aria-label=\"Toggle\"><i class=\"icon-angle-down\"><\/i><\/button>\n\t\t\t<span>\u00bfSu suelo es ign\u00edfugo?<\/span>\n\t\t<\/a>\n\t\t<div id=\"accordion-2092050977-content\" class=\"accordion-inner\" aria-labelledby=\"accordion-2092050977-label\" >\n\t\t\t\n<p>Nuestros suelos cumplen las normas de prevenci\u00f3n de incendios pertinentes y tienen una buena resistencia al fuego para garantizar un uso seguro.<\/p>\n\t\t<\/div>\n\t<\/div>\n\t\n<\/div>\n\t\t<\/div>\n\t\t\t\t\t<\/div>\n\n\t\n\n\t<div id=\"col-1769953268\" class=\"col pb0 mb0 image medium-12 small-12 large-6\"  >\n\t\t\t\t<div class=\"col-inner text-left\"  >\n\t\t\t\n\t\t\t\n\t<div id=\"text-1394754410\" class=\"text pb0 mb0\">\n\t\t\n<h3>P\u00f3ngase en contacto con nosotros para otras preguntas<\/h3>\n\t\t\n<style>\n#text-1394754410 {\n  font-size: 1.5rem;\n  line-height: 1.4;\n}\n@media (min-width:550px) {\n  #text-1394754410 {\n    font-size: 2rem;\n    line-height: 0.75;\n  }\n}\n@media (min-width:850px) {\n  #text-1394754410 {\n    font-size: 1.35rem;\n  }\n}\n<\/style>\n\t<\/div>\n\t\n\t<div id=\"gap-1835434665\" class=\"gap-element clearfix\" style=\"display:block; height:auto;\">\n\t\t\n<style>\n#gap-1835434665 {\n  padding-top: 30px;\n}\n<\/style>\n\t<\/div>\n\t\n\n<div class='fluentform ff-default fluentform_wrapper_2 ffs_default_wrap'><form data-form_id=\"2\" id=\"fluentform_2\" class=\"frm-fluent-form fluent_form_2 ff-el-form-top ff_form_instance_2_1 ff-form-loading ff_has_v3_recptcha ffs_default\" data-form_instance=\"ff_form_instance_2_1\" method=\"POST\" data-recptcha_key=\"6Le12tsqAAAAAB_sMsKbGMsL96BDVq9l-fnVixW2\" action=\"\" ><fieldset  style=\"border: none!important;margin: 0!important;padding: 0!important;background-color: transparent!important;box-shadow: none!important;outline: none!important; min-inline-size: 100%;\">\n                    <legend class=\"ff_screen_reader_title\" style=\"display: block; margin: 0!important;padding: 0!important;height: 0!important;text-indent: -999999px;width: 0!important;overflow:hidden;\">P\u00f3ngase en contacto con<\/legend><input type='hidden' name='__fluent_form_embded_post_id' value='559' \/><input type=\"hidden\" id=\"_fluentform_2_fluentformnonce\" name=\"_fluentform_2_fluentformnonce\" value=\"c9c0fffabb\" \/><input type=\"hidden\" name=\"_wp_http_referer\" value=\"\/es\/wp-json\/wp\/v2\/pages\/559\" \/><div class='ff-el-group'><div class=\"ff-el-input--label ff-el-is-required asterisk-right\"><label for='ff_2_Name' aria-label=\"Nombre\">Nombre<\/label><\/div><div class='ff-el-input--content'><input type=\"text\" name=\"Name\" class=\"ff-el-form-control\" placeholder=\"Su nombre\" data-name=\"Name\" id=\"ff_2_Name\"  aria-invalid=\"false\" aria-required=\"true\"><\/div><\/div><div class='ff-el-group'><div class=\"ff-el-input--label ff-el-is-required asterisk-right\"><label for='ff_2_email' aria-label=\"Correo electr\u00f3nico\">Correo electr\u00f3nico<\/label><\/div><div class='ff-el-input--content'><input type=\"email\" name=\"email\" id=\"ff_2_email\" class=\"ff-el-form-control\" placeholder=\"Direcci\u00f3n de correo electr\u00f3nico\" data-name=\"email\"  aria-invalid=\"false\" aria-required=\"true\"><\/div><\/div><div class='ff-el-group'><div class=\"ff-el-input--label asterisk-right\"><label for='ff_2_numeric_field' aria-label=\"N\u00famero de tel\u00e9fono\">N\u00famero de tel\u00e9fono<\/label><\/div><div class='ff-el-input--content'><input type=\"number\" name=\"numeric_field\" id=\"ff_2_numeric_field\" class=\"ff-el-form-control\" placeholder=\"N\u00famero de tel\u00e9fono\" data-name=\"numeric_field\" inputmode=\"numeric\" step=\"any\"  aria-invalid=\"false\" aria-required=\"false\"><\/div><\/div><div class='ff-el-group'><div class=\"ff-el-input--label ff-el-is-required asterisk-right\"><label for='ff_2_Message' aria-label=\"Mensaje\">Mensaje<\/label><\/div><div class='ff-el-input--content'><textarea aria-invalid=\"false\" aria-required=\"true\" name=\"Message\" id=\"ff_2_Message\" class=\"ff-el-form-control\" placeholder=\"Mensaje\" rows=\"6\" cols=\"6\" data-name=\"Message\" ><\/textarea><\/div><\/div><div class='ff-el-group ff-text-right ff_submit_btn_wrapper ff_submit_btn_wrapper_custom'><button class=\"ff-btn ff-btn-submit ff-btn-md expand  ff_btn_style\" type=\"submit\" name=\"custom_submit_button-2_1\" data-name=\"custom_submit_button-2_1\" >Enviar<\/button><style>form.fluent_form_2 .ff-btn-submit { background-color: #1a7efb; color: #ffffff; }<\/style><\/div><\/fieldset><input type=\"hidden\" name=\"trp-form-language\" value=\"es\"\/><\/form><div id='fluentform_2_errors' class='ff-errors-in-stack ff_form_instance_2_1 ff-form-loading_errors ff_form_instance_2_1_errors'><\/div><\/div>        <script type=\"text\/javascript\">\n            window.fluent_form_ff_form_instance_2_1 = {\"id\":\"2\",\"settings\":{\"layout\":{\"labelPlacement\":\"top\",\"helpMessagePlacement\":\"with_label\",\"errorMessagePlacement\":\"inline\",\"asteriskPlacement\":\"asterisk-right\"},\"restrictions\":{\"denyEmptySubmission\":{\"enabled\":false}}},\"form_instance\":\"ff_form_instance_2_1\",\"form_id_selector\":\"fluentform_2\",\"rules\":{\"Name\":{\"required\":{\"value\":true,\"message\":\"Este campo es obligatorio\",\"global_message\":\"This field is required\",\"global\":true}},\"email\":{\"required\":{\"value\":true,\"message\":\"Este campo es obligatorio\",\"global_message\":\"This field is required\",\"global\":true},\"email\":{\"value\":true,\"message\":\"Este campo debe contener un correo electr\\u00f3nico v\\u00e1lido\",\"global_message\":\"This field must contain a valid email\",\"global\":true}},\"numeric_field\":{\"required\":{\"value\":false,\"message\":\"Este campo es obligatorio\",\"global_message\":\"This field is required\",\"global\":true},\"numeric\":{\"value\":true,\"message\":\"Este campo debe contener valor num\\u00e9rico\",\"global_message\":\"This field must contain numeric value\",\"global\":true},\"min\":{\"value\":\"\",\"message\":\"La validaci\\u00f3n falla por el valor m\\u00ednimo\",\"global_message\":\"Validation fails for minimum value\",\"global\":true},\"max\":{\"value\":\"\",\"message\":\"La validaci\\u00f3n falla por el valor m\\u00e1ximo\",\"global_message\":\"Validation fails for maximum value\",\"global\":true},\"digits\":{\"value\":\"\",\"message\":\"La validaci\\u00f3n falla por d\\u00edgitos limitados\",\"global_message\":\"Validation fails for limited digits\",\"global\":true}},\"Message\":{\"required\":{\"value\":true,\"message\":\"Este campo es obligatorio\",\"global_message\":\"This field is required\",\"global\":true}},\"g-recaptcha-response\":[]},\"debounce_time\":300};\n                    <\/script>\n        \n\n\t\t<\/div>\n\t\t\t\t\n<style>\n#col-1769953268 > .col-inner {\n  max-width: 600px;\n}\n<\/style>\n\t<\/div>\n\n\t\n<\/div>\n\t\t<\/div>\n\n\t\t\n<style>\n#section_583723885 {\n  padding-top: 60px;\n  padding-bottom: 60px;\n}\n<\/style>\n\t<\/section>","protected":false},"excerpt":{"rendered":"","protected":false},"author":1,"featured_media":0,"parent":0,"menu_order":0,"comment_status":"closed","ping_status":"closed","template":"page-blank.php","meta":{"footnotes":""},"class_list":["post-559","page","type-page","status-publish","hentry"],"yoast_head":"<!-- This site is optimized with the Yoast SEO plugin v24.6 - https:\/\/yoast.com\/wordpress\/plugins\/seo\/ -->\n<title>FAQs - MF FLOOR<\/title>\n<meta name=\"robots\" content=\"index, follow, max-snippet:-1, max-image-preview:large, max-video-preview:-1\" \/>\n<link rel=\"canonical\" href=\"https:\/\/meettfit.com\/es\/preguntas-frecuentes\/\" \/>\n<meta property=\"og:locale\" content=\"es_ES\" \/>\n<meta property=\"og:type\" content=\"article\" \/>\n<meta property=\"og:title\" content=\"FAQs - MF FLOOR\" \/>\n<meta property=\"og:url\" content=\"https:\/\/meettfit.com\/es\/preguntas-frecuentes\/\" \/>\n<meta property=\"og:site_name\" content=\"MF FLOOR\" \/>\n<meta property=\"article:publisher\" content=\"https:\/\/www.facebook.com\/profile.php?id=100079773047357\" \/>\n<meta property=\"article:modified_time\" content=\"2025-03-07T09:48:51+00:00\" \/>\n<meta property=\"og:image\" content=\"https:\/\/meettfit.com\/wp-content\/uploads\/2025\/02\/cropped-icon.png\" \/>\n\t<meta property=\"og:image:width\" content=\"512\" \/>\n\t<meta property=\"og:image:height\" content=\"512\" \/>\n\t<meta property=\"og:image:type\" content=\"image\/png\" \/>\n<meta name=\"twitter:card\" content=\"summary_large_image\" \/>\n<meta name=\"twitter:label1\" content=\"Tiempo de lectura\" \/>\n\t<meta name=\"twitter:data1\" content=\"3 minutos\" \/>\n<script type=\"application\/ld+json\" class=\"yoast-schema-graph\">{\"@context\":\"https:\/\/schema.org\",\"@graph\":[{\"@type\":\"WebPage\",\"@id\":\"https:\/\/meettfit.com\/faqs\/\",\"url\":\"https:\/\/meettfit.com\/faqs\/\",\"name\":\"FAQs - MF FLOOR\",\"isPartOf\":{\"@id\":\"https:\/\/meettfit.com\/#website\"},\"datePublished\":\"2025-02-07T15:38:25+00:00\",\"dateModified\":\"2025-03-07T09:48:51+00:00\",\"breadcrumb\":{\"@id\":\"https:\/\/meettfit.com\/faqs\/#breadcrumb\"},\"inLanguage\":\"es\",\"potentialAction\":[{\"@type\":\"ReadAction\",\"target\":[\"https:\/\/meettfit.com\/faqs\/\"]}]},{\"@type\":\"BreadcrumbList\",\"@id\":\"https:\/\/meettfit.com\/faqs\/#breadcrumb\",\"itemListElement\":[{\"@type\":\"ListItem\",\"position\":1,\"name\":\"Home\",\"item\":\"https:\/\/meettfit.com\/\"},{\"@type\":\"ListItem\",\"position\":2,\"name\":\"FAQs\"}]},{\"@type\":\"WebSite\",\"@id\":\"https:\/\/meettfit.com\/#website\",\"url\":\"https:\/\/meettfit.com\/\",\"name\":\"MF FLOOR\",\"description\":\"fitness and sports floor China factory\",\"publisher\":{\"@id\":\"https:\/\/meettfit.com\/#organization\"},\"alternateName\":\"MF FLOOR\",\"potentialAction\":[{\"@type\":\"SearchAction\",\"target\":{\"@type\":\"EntryPoint\",\"urlTemplate\":\"https:\/\/meettfit.com\/?s={search_term_string}\"},\"query-input\":{\"@type\":\"PropertyValueSpecification\",\"valueRequired\":true,\"valueName\":\"search_term_string\"}}],\"inLanguage\":\"es\"},{\"@type\":\"Organization\",\"@id\":\"https:\/\/meettfit.com\/#organization\",\"name\":\"MF FLOOR\",\"alternateName\":\"MF FLOOR\",\"url\":\"https:\/\/meettfit.com\/\",\"logo\":{\"@type\":\"ImageObject\",\"inLanguage\":\"es\",\"@id\":\"https:\/\/meettfit.com\/#\/schema\/logo\/image\/\",\"url\":\"https:\/\/meettfit.com\/wp-content\/uploads\/2025\/02\/cropped-icon.png\",\"contentUrl\":\"https:\/\/meettfit.com\/wp-content\/uploads\/2025\/02\/cropped-icon.png\",\"width\":512,\"height\":512,\"caption\":\"MF FLOOR\"},\"image\":{\"@id\":\"https:\/\/meettfit.com\/#\/schema\/logo\/image\/\"},\"sameAs\":[\"https:\/\/www.facebook.com\/profile.php?id=100079773047357\"]}]}<\/script>\n<!-- \/ Yoast SEO plugin. -->","yoast_head_json":{"title":"FAQs - MF FLOOR","robots":{"index":"index","follow":"follow","max-snippet":"max-snippet:-1","max-image-preview":"max-image-preview:large","max-video-preview":"max-video-preview:-1"},"canonical":"https:\/\/meettfit.com\/es\/preguntas-frecuentes\/","og_locale":"es_ES","og_type":"article","og_title":"FAQs - MF FLOOR","og_url":"https:\/\/meettfit.com\/es\/preguntas-frecuentes\/","og_site_name":"MF FLOOR","article_publisher":"https:\/\/www.facebook.com\/profile.php?id=100079773047357","article_modified_time":"2025-03-07T09:48:51+00:00","og_image":[{"width":512,"height":512,"url":"https:\/\/meettfit.com\/wp-content\/uploads\/2025\/02\/cropped-icon.png","type":"image\/png"}],"twitter_card":"summary_large_image","twitter_misc":{"Tiempo de lectura":"3 minutos"},"schema":{"@context":"https:\/\/schema.org","@graph":[{"@type":"WebPage","@id":"https:\/\/meettfit.com\/faqs\/","url":"https:\/\/meettfit.com\/faqs\/","name":"FAQs - MF FLOOR","isPartOf":{"@id":"https:\/\/meettfit.com\/#website"},"datePublished":"2025-02-07T15:38:25+00:00","dateModified":"2025-03-07T09:48:51+00:00","breadcrumb":{"@id":"https:\/\/meettfit.com\/faqs\/#breadcrumb"},"inLanguage":"es","potentialAction":[{"@type":"ReadAction","target":["https:\/\/meettfit.com\/faqs\/"]}]},{"@type":"BreadcrumbList","@id":"https:\/\/meettfit.com\/faqs\/#breadcrumb","itemListElement":[{"@type":"ListItem","position":1,"name":"Home","item":"https:\/\/meettfit.com\/"},{"@type":"ListItem","position":2,"name":"FAQs"}]},{"@type":"WebSite","@id":"https:\/\/meettfit.com\/#website","url":"https:\/\/meettfit.com\/","name":"MF FLOOR","description":"fitness and sports floor China factory","publisher":{"@id":"https:\/\/meettfit.com\/#organization"},"alternateName":"MF FLOOR","potentialAction":[{"@type":"SearchAction","target":{"@type":"EntryPoint","urlTemplate":"https:\/\/meettfit.com\/?s={search_term_string}"},"query-input":{"@type":"PropertyValueSpecification","valueRequired":true,"valueName":"search_term_string"}}],"inLanguage":"es"},{"@type":"Organization","@id":"https:\/\/meettfit.com\/#organization","name":"MF FLOOR","alternateName":"MF FLOOR","url":"https:\/\/meettfit.com\/","logo":{"@type":"ImageObject","inLanguage":"es","@id":"https:\/\/meettfit.com\/#\/schema\/logo\/image\/","url":"https:\/\/meettfit.com\/wp-content\/uploads\/2025\/02\/cropped-icon.png","contentUrl":"https:\/\/meettfit.com\/wp-content\/uploads\/2025\/02\/cropped-icon.png","width":512,"height":512,"caption":"MF FLOOR"},"image":{"@id":"https:\/\/meettfit.com\/#\/schema\/logo\/image\/"},"sameAs":["https:\/\/www.facebook.com\/profile.php?id=100079773047357"]}]}},"_links":{"self":[{"href":"https:\/\/meettfit.com\/es\/wp-json\/wp\/v2\/pages\/559","targetHints":{"allow":["GET"]}}],"collection":[{"href":"https:\/\/meettfit.com\/es\/wp-json\/wp\/v2\/pages"}],"about":[{"href":"https:\/\/meettfit.com\/es\/wp-json\/wp\/v2\/types\/page"}],"author":[{"embeddable":true,"href":"https:\/\/meettfit.com\/es\/wp-json\/wp\/v2\/users\/1"}],"replies":[{"embeddable":true,"href":"https:\/\/meettfit.com\/es\/wp-json\/wp\/v2\/comments?post=559"}],"version-history":[{"count":17,"href":"https:\/\/meettfit.com\/es\/wp-json\/wp\/v2\/pages\/559\/revisions"}],"predecessor-version":[{"id":1020,"href":"https:\/\/meettfit.com\/es\/wp-json\/wp\/v2\/pages\/559\/revisions\/1020"}],"wp:attachment":[{"href":"https:\/\/meettfit.com\/es\/wp-json\/wp\/v2\/media?parent=559"}],"curies":[{"name":"wp","href":"https:\/\/api.w.org\/{rel}","templated":true}]}}