{"id":559,"date":"2025-02-07T23:38:25","date_gmt":"2025-02-07T15:38:25","guid":{"rendered":"https:\/\/meettfit.com\/?page_id=559"},"modified":"2025-03-07T17:48:51","modified_gmt":"2025-03-07T09:48:51","slug":"faqs","status":"publish","type":"page","link":"https:\/\/meettfit.com\/de\/faqs\/","title":{"rendered":"FAQs"},"content":{"rendered":"<section class=\"section\" id=\"section_85775371\">\n\t\t<div class=\"section-bg fill\" >\n\t\t\t\t\t\t\t\t\t\n\t\t\t\n\n\t\t<\/div>\n\n\t\t\n\n\t\t<div class=\"section-content relative\">\n\t\t\t\n\n  <div class=\"banner has-hover\" id=\"banner-858280447\">\n          <div class=\"banner-inner fill\">\n        <div class=\"banner-bg fill\" >\n            <img loading=\"lazy\" decoding=\"async\" width=\"1808\" height=\"720\" src=\"https:\/\/meettfit.com\/wp-content\/uploads\/2025\/02\/faq.webp\" class=\"bg attachment-original size-original\" alt=\"Faq\" \/>                        <div class=\"overlay\"><\/div>            \n                    <\/div>\n\t\t\n        <div class=\"banner-layers container\">\n            <div class=\"fill banner-link\"><\/div>            \n   <div id=\"text-box-973795509\" class=\"text-box banner-layer x50 md-x50 lg-x50 y90 md-y25 lg-y50 res-text\">\n                     <div data-animate=\"fadeInLeft\">           <div class=\"text-box-content text dark text-shadow-2\">\n              \n              <div class=\"text-inner text-center\">\n                  \n<div class=\"row\"  id=\"row-1072321907\">\n\n\t<div id=\"col-1313734261\" class=\"col small-12 large-12\"  data-animate=\"fadeInLeft\">\n\t\t\t\t<div class=\"col-inner\"  >\n\t\t\t\n\t\t\t\n\t<div id=\"text-3078013266\" class=\"text\">\n\t\t\n<h3 class=\"uppercase\"><strong>FAqs<\/strong><\/h3>\n\t\t\n<style>\n#text-3078013266 {\n  font-size: 1.6rem;\n  text-align: center;\n}\n@media (min-width:550px) {\n  #text-3078013266 {\n    font-size: 1.85rem;\n  }\n}\n@media (min-width:850px) {\n  #text-3078013266 {\n    text-align: center;\n  }\n}\n<\/style>\n\t<\/div>\n\t\n\n<span><span><a href=\"https:\/\/meettfit.com\/de\/\">Startseite<\/a><\/span><\/span>\n\n\t\t<\/div>\n\t\t\t\t\t<\/div>\n\n\t\n<\/div>\n              <\/div>\n           <\/div>\n       <\/div>                     \n<style>\n#text-box-973795509 {\n  width: 81%;\n}\n#text-box-973795509 .text-box-content {\n  font-size: 179%;\n}\n@media (min-width:550px) {\n  #text-box-973795509 {\n    width: 80%;\n  }\n  #text-box-973795509 .text-box-content {\n    font-size: 100%;\n  }\n}\n<\/style>\n    <\/div>\n \n   <div id=\"text-box-673720270\" class=\"text-box banner-layer hidden x95 md-x50 lg-x50 y50 md-y40 lg-y100 res-text\">\n                     <div data-animate=\"fadeInLeft\">           <div class=\"text-box-content text dark\">\n              \n              <div class=\"text-inner text-center\">\n                  \n<div class=\"row row-collapse\"  id=\"row-1408823715\">\n\n\t<div id=\"col-692091702\" class=\"col pb0 mb0 small-12 large-12\"  >\n\t\t\t\t<div class=\"col-inner text-center\"  >\n\t\t\t\n\t\t\t\n<a href=\"#multi-purpose-artificial-grass\" class=\"button white is-link pb0 mb0\"  >\n\t\t<span>Mehrzweck-Kunstrasen<\/span>\n\t<\/a>\n\n<a href=\"#gym-turf-with-5mm-pu-foam\" class=\"button white is-link pb0 mb0\"  >\n\t\t<span>Rollrasen mit 5 mm PU-Schaum<\/span>\n\t<\/a>\n\n<a href=\"#sport-artificial-grass\" class=\"button white is-link pb0 mb0\"  >\n\t\t<span>Sport Kunstrasen<\/span>\n\t<\/a>\n\n<a href=\"#landscaping-grass\" class=\"button white is-link pb0 mb0\"  >\n\t\t<span>Landschaftsbau Gras<\/span>\n\t<\/a>\n\n\t\t<\/div>\n\t\t\t\t\t<\/div>\n\n\t\n<\/div>\n              <\/div>\n           <\/div>\n       <\/div>                     \n<style>\n#text-box-673720270 {\n  width: 81%;\n}\n#text-box-673720270 .text-box-content {\n  font-size: 179%;\n}\n@media (min-width:550px) {\n  #text-box-673720270 {\n    width: 100%;\n  }\n  #text-box-673720270 .text-box-content {\n    font-size: 104%;\n  }\n}\n<\/style>\n    <\/div>\n \n        <\/div>\n      <\/div>\n\n            \n<style>\n#banner-858280447 {\n  padding-top: 210px;\n  background-color: rgb(0, 0, 0);\n}\n#banner-858280447 .overlay {\n  background-color: rgba(0, 0, 0, 0.541);\n}\n@media (min-width:550px) {\n  #banner-858280447 {\n    padding-top: 591px;\n  }\n}\n@media (min-width:850px) {\n  #banner-858280447 {\n    padding-top: 600px;\n  }\n}\n<\/style>\n  <\/div>\n\n\n\t\t<\/div>\n\n\t\t\n<style>\n#section_85775371 {\n  padding-top: 0px;\n  padding-bottom: 0px;\n}\n<\/style>\n\t<\/section>\n\t\n\n\t<section class=\"section\" id=\"section_942141293\">\n\t\t<div class=\"section-bg fill\" >\n\t\t\t\t\t\t\t\t\t\n\t\t\t\n\n\t\t<\/div>\n\n\t\t\n\n\t\t<div class=\"section-content relative\">\n\t\t\t\n<div class=\"row row-large\"  id=\"row-463961874\">\n\n\t<div id=\"col-513555082\" class=\"col faq-list medium-6 small-12 large-6\"  >\n\t\t\t\t<div class=\"col-inner\"  >\n\t\t\t\n\t\t\t\n<div class=\"accordion\">\n\t<div id=\"accordion-2738225844\" class=\"accordion-item\">\n\t\t<a id=\"accordion-2738225844-label\" class=\"accordion-title plain active\" href=\"#accordion-item-how-do-i-choose-the-right-type-of-flooring-for-my-venue?\" aria-expanded=\"true\" aria-controls=\"accordion-2738225844-content\" >\n\t\t\t<button class=\"toggle\" aria-label=\"Umschalten\"><i class=\"icon-angle-down\"><\/i><\/button>\n\t\t\t<span>Wie w\u00e4hle ich die richtige Art von Bodenbelag f\u00fcr meinen Veranstaltungsort?<\/span>\n\t\t<\/a>\n\t\t<div id=\"accordion-2738225844-content\" class=\"accordion-inner\" style=\"display: block;\" aria-labelledby=\"accordion-2738225844-label\" >\n\t\t\t\n<p>Gummib\u00f6den eignen sich f\u00fcr Turnhallen, PVC-B\u00f6den sind ideal f\u00fcr Badminton- und Tischtennishallen, und Tatami-Matten sind f\u00fcr Kampfsporthallen geeignet. Wir k\u00f6nnen Sie professionell beraten und auf Ihre spezifischen Bed\u00fcrfnisse eingehen.<\/p>\n\t\t<\/div>\n\t<\/div>\n\t\n\t<div id=\"accordion-3904391387\" class=\"accordion-item\">\n\t\t<a id=\"accordion-3904391387-label\" class=\"accordion-title plain\" href=\"#accordion-item-what-certifications-do-your-flooring-have?\" aria-expanded=\"false\" aria-controls=\"accordion-3904391387-content\" >\n\t\t\t<button class=\"toggle\" aria-label=\"Umschalten\"><i class=\"icon-angle-down\"><\/i><\/button>\n\t\t\t<span>Welche Zertifizierungen haben Ihre Bodenbel\u00e4ge?<\/span>\n\t\t<\/a>\n\t\t<div id=\"accordion-3904391387-content\" class=\"accordion-inner\" aria-labelledby=\"accordion-3904391387-label\" >\n\t\t\t\n<p>Unsere Produkte haben die CE- und REACH-Zertifizierung erhalten, so dass sie f\u00fcr die Benutzer sicher und umweltfreundlich sind.<\/p>\n\t\t<\/div>\n\t<\/div>\n\t\n\t<div id=\"accordion-1446056377\" class=\"accordion-item\">\n\t\t<a id=\"accordion-1446056377-label\" class=\"accordion-title plain\" href=\"#accordion-item-what-is-the-installation-process-for-flooring?-do-i-need-a-professional?\" aria-expanded=\"false\" aria-controls=\"accordion-1446056377-content\" >\n\t\t\t<button class=\"toggle\" aria-label=\"Umschalten\"><i class=\"icon-angle-down\"><\/i><\/button>\n\t\t\t<span>Wie wird der Bodenbelag verlegt? Brauche ich einen Fachmann?<\/span>\n\t\t<\/a>\n\t\t<div id=\"accordion-1446056377-content\" class=\"accordion-inner\" aria-labelledby=\"accordion-1446056377-label\" >\n\t\t\t\n<p>Die verschiedenen Arten von Bodenbel\u00e4gen haben unterschiedliche Verlegeverfahren. Einige k\u00f6nnen selbst verlegt werden, w\u00e4hrend f\u00fcr andere professionelle Hilfe erforderlich sein kann. Wir stellen detaillierte Verlegeanleitungen zur Verf\u00fcgung und k\u00f6nnen bei Bedarf professionelle Verlegeleistungen anbieten.<\/p>\n\t\t<\/div>\n\t<\/div>\n\t\n\t<div id=\"accordion-536498326\" class=\"accordion-item\">\n\t\t<a id=\"accordion-536498326-label\" class=\"accordion-title plain\" href=\"#accordion-item-how-do-i-maintain-and-clean-my-flooring-to-extend-its-lifespan?\" aria-expanded=\"false\" aria-controls=\"accordion-536498326-content\" >\n\t\t\t<button class=\"toggle\" aria-label=\"Umschalten\"><i class=\"icon-angle-down\"><\/i><\/button>\n\t\t\t<span>Wie pflege und reinige ich meinen Bodenbelag, um seine Lebensdauer zu verl\u00e4ngern?<\/span>\n\t\t<\/a>\n\t\t<div id=\"accordion-536498326-content\" class=\"accordion-inner\" aria-labelledby=\"accordion-536498326-label\" >\n\t\t\t\n<p>Regelm\u00e4\u00dfige Reinigung und richtige Pflege verl\u00e4ngern die Lebensdauer Ihres Bodenbelags. Wir bieten Pflege- und Reinigungsanleitungen f\u00fcr jede Art von Bodenbelag an, damit Ihr Veranstaltungsort immer optimal aussieht.<\/p>\n\t\t<\/div>\n\t<\/div>\n\t\n\t<div id=\"accordion-3838357946\" class=\"accordion-item\">\n\t\t<a id=\"accordion-3838357946-label\" class=\"accordion-title plain\" href=\"#accordion-item-do-you-offer-customization-of-flooring?\" aria-expanded=\"false\" aria-controls=\"accordion-3838357946-content\" >\n\t\t\t<button class=\"toggle\" aria-label=\"Umschalten\"><i class=\"icon-angle-down\"><\/i><\/button>\n\t\t\t<span>Bieten Sie die Anpassung von Bodenbel\u00e4gen an?<\/span>\n\t\t<\/a>\n\t\t<div id=\"accordion-3838357946-content\" class=\"accordion-inner\" aria-labelledby=\"accordion-3838357946-label\" >\n\t\t\t\n<p>Ja, wir bieten individuelle Anpassungen in Gr\u00f6\u00dfe, Dicke, Farbe und Muster, um den einzigartigen Anforderungen verschiedener Veranstaltungsorte gerecht zu werden.<\/p>\n\t\t<\/div>\n\t<\/div>\n\t\n\t<div id=\"accordion-799855710\" class=\"accordion-item\">\n\t\t<a id=\"accordion-799855710-label\" class=\"accordion-title plain\" href=\"#accordion-item-how-durable-is-the-flooring?-what-is-its-service-life?\" aria-expanded=\"false\" aria-controls=\"accordion-799855710-content\" >\n\t\t\t<button class=\"toggle\" aria-label=\"Umschalten\"><i class=\"icon-angle-down\"><\/i><\/button>\n\t\t\t<span>Wie haltbar ist der Bodenbelag? Wie hoch ist seine Lebensdauer?<\/span>\n\t\t<\/a>\n\t\t<div id=\"accordion-799855710-content\" class=\"accordion-inner\" aria-labelledby=\"accordion-799855710-label\" >\n\t\t\t\n<p>Unsere Bodenbel\u00e4ge werden aus hochwertigen Materialien hergestellt und bieten eine ausgezeichnete Haltbarkeit. Bei normalem Gebrauch und richtiger Pflege kann die Lebensdauer der Bodenbel\u00e4ge sechs Jahre \u00fcbersteigen.<\/p>\n\t\t<\/div>\n\t<\/div>\n\t\n\t<div id=\"accordion-852600413\" class=\"accordion-item\">\n\t\t<a id=\"accordion-852600413-label\" class=\"accordion-title plain\" href=\"#accordion-item-do-the-flooring-have-anti-slip-properties?\" aria-expanded=\"false\" aria-controls=\"accordion-852600413-content\" >\n\t\t\t<button class=\"toggle\" aria-label=\"Umschalten\"><i class=\"icon-angle-down\"><\/i><\/button>\n\t\t\t<span>Ist der Bodenbelag rutschhemmend?<\/span>\n\t\t<\/a>\n\t\t<div id=\"accordion-852600413-content\" class=\"accordion-inner\" aria-labelledby=\"accordion-852600413-label\" >\n\t\t\t\n<p>Unser Bodenbelag ist sicherheitsorientiert und verf\u00fcgt \u00fcber eine gute Rutschfestigkeit, so dass er sich f\u00fcr verschiedene Sportst\u00e4tten eignet und die Sicherheit der Sportler gew\u00e4hrleistet.<\/p>\n\t\t<\/div>\n\t<\/div>\n\t\n\t<div id=\"accordion-758127514\" class=\"accordion-item\">\n\t\t<a id=\"accordion-758127514-label\" class=\"accordion-title plain\" href=\"#accordion-item-if-the-flooring-is-damaged,-do-you-provide-repair-or-replacement-services?\" aria-expanded=\"false\" aria-controls=\"accordion-758127514-content\" >\n\t\t\t<button class=\"toggle\" aria-label=\"Umschalten\"><i class=\"icon-angle-down\"><\/i><\/button>\n\t\t\t<span>Wenn der Bodenbelag besch\u00e4digt ist, bieten Sie Reparatur- oder Ersatzleistungen an?<\/span>\n\t\t<\/a>\n\t\t<div id=\"accordion-758127514-content\" class=\"accordion-inner\" aria-labelledby=\"accordion-758127514-label\" >\n\t\t\t\n<p>Wir bieten einen umfassenden Kundendienst, der auch die Reparatur und den Austausch von Bodenbel\u00e4gen umfasst. Wenn Sie Probleme haben, k\u00f6nnen Sie sich jederzeit an unseren Kundendienst wenden.<\/p>\n\t\t<\/div>\n\t<\/div>\n\t\n\t<div id=\"accordion-2117520822\" class=\"accordion-item\">\n\t\t<a id=\"accordion-2117520822-label\" class=\"accordion-title plain\" href=\"#accordion-item-are-your-flooring-suitable-for-outdoor-areas?\" aria-expanded=\"false\" aria-controls=\"accordion-2117520822-content\" >\n\t\t\t<button class=\"toggle\" aria-label=\"Umschalten\"><i class=\"icon-angle-down\"><\/i><\/button>\n\t\t\t<span>Sind Ihre Bodenbel\u00e4ge f\u00fcr den Au\u00dfenbereich geeignet?<\/span>\n\t\t<\/a>\n\t\t<div id=\"accordion-2117520822-content\" class=\"accordion-inner\" aria-labelledby=\"accordion-2117520822-label\" >\n\t\t\t\n<p>Wir bieten Kunstrasen und andere Bodenbel\u00e4ge f\u00fcr den Au\u00dfenbereich an, die sich durch Witterungsbest\u00e4ndigkeit und Langlebigkeit f\u00fcr verschiedene Sportarten im Freien auszeichnen.<\/p>\n\t\t<\/div>\n\t<\/div>\n\t\n\t<div id=\"accordion-598209615\" class=\"accordion-item\">\n\t\t<a id=\"accordion-598209615-label\" class=\"accordion-title plain\" href=\"#accordion-item-are-your-flooring-fireproof?\" aria-expanded=\"false\" aria-controls=\"accordion-598209615-content\" >\n\t\t\t<button class=\"toggle\" aria-label=\"Umschalten\"><i class=\"icon-angle-down\"><\/i><\/button>\n\t\t\t<span>Sind Ihre Bodenbel\u00e4ge feuerfest?<\/span>\n\t\t<\/a>\n\t\t<div id=\"accordion-598209615-content\" class=\"accordion-inner\" aria-labelledby=\"accordion-598209615-label\" >\n\t\t\t\n<p>Unsere Bodenbel\u00e4ge entsprechen den einschl\u00e4gigen Brandschutznormen und haben eine gute Feuerbest\u00e4ndigkeit, um eine sichere Nutzung zu gew\u00e4hrleisten.<\/p>\n\t\t<\/div>\n\t<\/div>\n\t\n<\/div>\n\t\t<\/div>\n\t\t\t\t\t<\/div>\n\n\t\n\n\t<div id=\"col-196487386\" class=\"col pb0 mb0 image medium-12 small-12 large-6\"  >\n\t\t\t\t<div class=\"col-inner text-left\"  >\n\t\t\t\n\t\t\t\n\t<div id=\"text-420452570\" class=\"text pb0 mb0\">\n\t\t\n<h3>Kontaktieren Sie uns f\u00fcr andere Fragen<\/h3>\n\t\t\n<style>\n#text-420452570 {\n  font-size: 1.5rem;\n  line-height: 1.4;\n}\n@media (min-width:550px) {\n  #text-420452570 {\n    font-size: 2rem;\n    line-height: 0.75;\n  }\n}\n@media (min-width:850px) {\n  #text-420452570 {\n    font-size: 1.35rem;\n  }\n}\n<\/style>\n\t<\/div>\n\t\n\t<div id=\"gap-528664070\" class=\"gap-element clearfix\" style=\"display:block; height:auto;\">\n\t\t\n<style>\n#gap-528664070 {\n  padding-top: 30px;\n}\n<\/style>\n\t<\/div>\n\t\n\n<div class='fluentform ff-default fluentform_wrapper_2 ffs_default_wrap'><form data-form_id=\"2\" id=\"fluentform_2\" class=\"frm-fluent-form fluent_form_2 ff-el-form-top ff_form_instance_2_1 ff-form-loading ff_has_v3_recptcha ffs_default\" data-form_instance=\"ff_form_instance_2_1\" method=\"POST\" data-recptcha_key=\"6Le12tsqAAAAAB_sMsKbGMsL96BDVq9l-fnVixW2\" action=\"\" ><fieldset  style=\"border: none!important;margin: 0!important;padding: 0!important;background-color: transparent!important;box-shadow: none!important;outline: none!important; min-inline-size: 100%;\">\n                    <legend class=\"ff_screen_reader_title\" style=\"display: block; margin: 0!important;padding: 0!important;height: 0!important;text-indent: -999999px;width: 0!important;overflow:hidden;\">Kontakt<\/legend><input type='hidden' name='__fluent_form_embded_post_id' value='559' \/><input type=\"hidden\" id=\"_fluentform_2_fluentformnonce\" name=\"_fluentform_2_fluentformnonce\" value=\"da2cc2a6f6\" \/><input type=\"hidden\" name=\"_wp_http_referer\" value=\"\/de\/wp-json\/wp\/v2\/pages\/559\" \/><div class='ff-el-group'><div class=\"ff-el-input--label ff-el-is-required asterisk-right\"><label for='ff_2_Name' aria-label=\"Name\">Name<\/label><\/div><div class='ff-el-input--content'><input type=\"text\" name=\"Name\" class=\"ff-el-form-control\" placeholder=\"Ihr Name\" data-name=\"Name\" id=\"ff_2_Name\"  aria-invalid=\"false\" aria-required=\"true\"><\/div><\/div><div class='ff-el-group'><div class=\"ff-el-input--label ff-el-is-required asterisk-right\"><label for='ff_2_email' aria-label=\"E-Mail\">E-Mail<\/label><\/div><div class='ff-el-input--content'><input type=\"email\" name=\"email\" id=\"ff_2_email\" class=\"ff-el-form-control\" placeholder=\"E-Mail Adresse\" data-name=\"email\"  aria-invalid=\"false\" aria-required=\"true\"><\/div><\/div><div class='ff-el-group'><div class=\"ff-el-input--label asterisk-right\"><label for='ff_2_numeric_field' aria-label=\"Rufnummer\">Rufnummer<\/label><\/div><div class='ff-el-input--content'><input type=\"number\" name=\"numeric_field\" id=\"ff_2_numeric_field\" class=\"ff-el-form-control\" placeholder=\"Rufnummer\" data-name=\"numeric_field\" inputmode=\"numeric\" step=\"any\"  aria-invalid=\"false\" aria-required=\"false\"><\/div><\/div><div class='ff-el-group'><div class=\"ff-el-input--label ff-el-is-required asterisk-right\"><label for='ff_2_Message' aria-label=\"Nachricht\">Nachricht<\/label><\/div><div class='ff-el-input--content'><textarea aria-invalid=\"false\" aria-required=\"true\" name=\"Message\" id=\"ff_2_Message\" class=\"ff-el-form-control\" placeholder=\"Nachricht\" rows=\"6\" cols=\"6\" data-name=\"Message\" ><\/textarea><\/div><\/div><div class='ff-el-group ff-text-right ff_submit_btn_wrapper ff_submit_btn_wrapper_custom'><button class=\"ff-btn ff-btn-submit ff-btn-md expand  ff_btn_style\" type=\"submit\" name=\"custom_submit_button-2_1\" data-name=\"custom_submit_button-2_1\" >Senden Sie<\/button><style>form.fluent_form_2 .ff-btn-submit { background-color: #1a7efb; color: #ffffff; }<\/style><\/div><\/fieldset><input type=\"hidden\" name=\"trp-form-language\" value=\"de\"\/><\/form><div id='fluentform_2_errors' class='ff-errors-in-stack ff_form_instance_2_1 ff-form-loading_errors ff_form_instance_2_1_errors'><\/div><\/div>        <script type=\"text\/javascript\">\n            window.fluent_form_ff_form_instance_2_1 = {\"id\":\"2\",\"settings\":{\"layout\":{\"labelPlacement\":\"top\",\"helpMessagePlacement\":\"with_label\",\"errorMessagePlacement\":\"inline\",\"asteriskPlacement\":\"asterisk-right\"},\"restrictions\":{\"denyEmptySubmission\":{\"enabled\":false}}},\"form_instance\":\"ff_form_instance_2_1\",\"form_id_selector\":\"fluentform_2\",\"rules\":{\"Name\":{\"required\":{\"value\":true,\"message\":\"Dieses Feld ist erforderlich\",\"global_message\":\"This field is required\",\"global\":true}},\"email\":{\"required\":{\"value\":true,\"message\":\"Dieses Feld ist erforderlich\",\"global_message\":\"This field is required\",\"global\":true},\"email\":{\"value\":true,\"message\":\"Dieses Feld muss eine g\\u00fcltige E-Mail-Adresse enthalten\",\"global_message\":\"This field must contain a valid email\",\"global\":true}},\"numeric_field\":{\"required\":{\"value\":false,\"message\":\"Dieses Feld ist erforderlich\",\"global_message\":\"This field is required\",\"global\":true},\"numeric\":{\"value\":true,\"message\":\"Dieses Feld muss einen numerischen Wert enthalten\",\"global_message\":\"This field must contain numeric value\",\"global\":true},\"min\":{\"value\":\"\",\"message\":\"Validation fails for minimum value\",\"global_message\":\"Validation fails for minimum value\",\"global\":true},\"max\":{\"value\":\"\",\"message\":\"Validation fails for maximum value\",\"global_message\":\"Validation fails for maximum value\",\"global\":true},\"digits\":{\"value\":\"\",\"message\":\"Validation fails for limited digits\",\"global_message\":\"Validation fails for limited digits\",\"global\":true}},\"Message\":{\"required\":{\"value\":true,\"message\":\"Dieses Feld ist erforderlich\",\"global_message\":\"This field is required\",\"global\":true}},\"g-recaptcha-response\":[]},\"debounce_time\":300};\n                    <\/script>\n        \n\n\t\t<\/div>\n\t\t\t\t\n<style>\n#col-196487386 > .col-inner {\n  max-width: 600px;\n}\n<\/style>\n\t<\/div>\n\n\t\n<\/div>\n\t\t<\/div>\n\n\t\t\n<style>\n#section_942141293 {\n  padding-top: 60px;\n  padding-bottom: 60px;\n}\n<\/style>\n\t<\/section>","protected":false},"excerpt":{"rendered":"","protected":false},"author":1,"featured_media":0,"parent":0,"menu_order":0,"comment_status":"closed","ping_status":"closed","template":"page-blank.php","meta":{"footnotes":""},"class_list":["post-559","page","type-page","status-publish","hentry"],"yoast_head":"<!-- This site is optimized with the Yoast SEO plugin v24.6 - https:\/\/yoast.com\/wordpress\/plugins\/seo\/ -->\n<title>FAQs - MF FLOOR<\/title>\n<meta name=\"robots\" content=\"index, follow, max-snippet:-1, max-image-preview:large, max-video-preview:-1\" \/>\n<link rel=\"canonical\" href=\"https:\/\/meettfit.com\/de\/faqs\/\" \/>\n<meta property=\"og:locale\" content=\"de_DE\" \/>\n<meta property=\"og:type\" content=\"article\" \/>\n<meta property=\"og:title\" content=\"FAQs - MF FLOOR\" \/>\n<meta property=\"og:url\" content=\"https:\/\/meettfit.com\/de\/faqs\/\" \/>\n<meta property=\"og:site_name\" content=\"MF FLOOR\" \/>\n<meta property=\"article:publisher\" content=\"https:\/\/www.facebook.com\/profile.php?id=100079773047357\" \/>\n<meta property=\"article:modified_time\" content=\"2025-03-07T09:48:51+00:00\" \/>\n<meta property=\"og:image\" content=\"https:\/\/meettfit.com\/wp-content\/uploads\/2025\/02\/cropped-icon.png\" \/>\n\t<meta property=\"og:image:width\" content=\"512\" \/>\n\t<meta property=\"og:image:height\" content=\"512\" \/>\n\t<meta property=\"og:image:type\" content=\"image\/png\" \/>\n<meta name=\"twitter:card\" content=\"summary_large_image\" \/>\n<meta name=\"twitter:label1\" content=\"Gesch\u00e4tzte Lesezeit\" \/>\n\t<meta name=\"twitter:data1\" content=\"3\u00a0Minuten\" \/>\n<script type=\"application\/ld+json\" class=\"yoast-schema-graph\">{\"@context\":\"https:\/\/schema.org\",\"@graph\":[{\"@type\":\"WebPage\",\"@id\":\"https:\/\/meettfit.com\/faqs\/\",\"url\":\"https:\/\/meettfit.com\/faqs\/\",\"name\":\"FAQs - MF FLOOR\",\"isPartOf\":{\"@id\":\"https:\/\/meettfit.com\/#website\"},\"datePublished\":\"2025-02-07T15:38:25+00:00\",\"dateModified\":\"2025-03-07T09:48:51+00:00\",\"breadcrumb\":{\"@id\":\"https:\/\/meettfit.com\/faqs\/#breadcrumb\"},\"inLanguage\":\"de\",\"potentialAction\":[{\"@type\":\"ReadAction\",\"target\":[\"https:\/\/meettfit.com\/faqs\/\"]}]},{\"@type\":\"BreadcrumbList\",\"@id\":\"https:\/\/meettfit.com\/faqs\/#breadcrumb\",\"itemListElement\":[{\"@type\":\"ListItem\",\"position\":1,\"name\":\"Home\",\"item\":\"https:\/\/meettfit.com\/\"},{\"@type\":\"ListItem\",\"position\":2,\"name\":\"FAQs\"}]},{\"@type\":\"WebSite\",\"@id\":\"https:\/\/meettfit.com\/#website\",\"url\":\"https:\/\/meettfit.com\/\",\"name\":\"MF FLOOR\",\"description\":\"fitness and sports floor China factory\",\"publisher\":{\"@id\":\"https:\/\/meettfit.com\/#organization\"},\"alternateName\":\"MF FLOOR\",\"potentialAction\":[{\"@type\":\"SearchAction\",\"target\":{\"@type\":\"EntryPoint\",\"urlTemplate\":\"https:\/\/meettfit.com\/?s={search_term_string}\"},\"query-input\":{\"@type\":\"PropertyValueSpecification\",\"valueRequired\":true,\"valueName\":\"search_term_string\"}}],\"inLanguage\":\"de\"},{\"@type\":\"Organization\",\"@id\":\"https:\/\/meettfit.com\/#organization\",\"name\":\"MF FLOOR\",\"alternateName\":\"MF FLOOR\",\"url\":\"https:\/\/meettfit.com\/\",\"logo\":{\"@type\":\"ImageObject\",\"inLanguage\":\"de\",\"@id\":\"https:\/\/meettfit.com\/#\/schema\/logo\/image\/\",\"url\":\"https:\/\/meettfit.com\/wp-content\/uploads\/2025\/02\/cropped-icon.png\",\"contentUrl\":\"https:\/\/meettfit.com\/wp-content\/uploads\/2025\/02\/cropped-icon.png\",\"width\":512,\"height\":512,\"caption\":\"MF FLOOR\"},\"image\":{\"@id\":\"https:\/\/meettfit.com\/#\/schema\/logo\/image\/\"},\"sameAs\":[\"https:\/\/www.facebook.com\/profile.php?id=100079773047357\"]}]}<\/script>\n<!-- \/ Yoast SEO plugin. -->","yoast_head_json":{"title":"FAQs - MF FLOOR","robots":{"index":"index","follow":"follow","max-snippet":"max-snippet:-1","max-image-preview":"max-image-preview:large","max-video-preview":"max-video-preview:-1"},"canonical":"https:\/\/meettfit.com\/de\/faqs\/","og_locale":"de_DE","og_type":"article","og_title":"FAQs - MF FLOOR","og_url":"https:\/\/meettfit.com\/de\/faqs\/","og_site_name":"MF FLOOR","article_publisher":"https:\/\/www.facebook.com\/profile.php?id=100079773047357","article_modified_time":"2025-03-07T09:48:51+00:00","og_image":[{"width":512,"height":512,"url":"https:\/\/meettfit.com\/wp-content\/uploads\/2025\/02\/cropped-icon.png","type":"image\/png"}],"twitter_card":"summary_large_image","twitter_misc":{"Gesch\u00e4tzte Lesezeit":"3\u00a0Minuten"},"schema":{"@context":"https:\/\/schema.org","@graph":[{"@type":"WebPage","@id":"https:\/\/meettfit.com\/faqs\/","url":"https:\/\/meettfit.com\/faqs\/","name":"FAQs - MF FLOOR","isPartOf":{"@id":"https:\/\/meettfit.com\/#website"},"datePublished":"2025-02-07T15:38:25+00:00","dateModified":"2025-03-07T09:48:51+00:00","breadcrumb":{"@id":"https:\/\/meettfit.com\/faqs\/#breadcrumb"},"inLanguage":"de","potentialAction":[{"@type":"ReadAction","target":["https:\/\/meettfit.com\/faqs\/"]}]},{"@type":"BreadcrumbList","@id":"https:\/\/meettfit.com\/faqs\/#breadcrumb","itemListElement":[{"@type":"ListItem","position":1,"name":"Home","item":"https:\/\/meettfit.com\/"},{"@type":"ListItem","position":2,"name":"FAQs"}]},{"@type":"WebSite","@id":"https:\/\/meettfit.com\/#website","url":"https:\/\/meettfit.com\/","name":"MF FLOOR","description":"fitness and sports floor China factory","publisher":{"@id":"https:\/\/meettfit.com\/#organization"},"alternateName":"MF FLOOR","potentialAction":[{"@type":"SearchAction","target":{"@type":"EntryPoint","urlTemplate":"https:\/\/meettfit.com\/?s={search_term_string}"},"query-input":{"@type":"PropertyValueSpecification","valueRequired":true,"valueName":"search_term_string"}}],"inLanguage":"de"},{"@type":"Organization","@id":"https:\/\/meettfit.com\/#organization","name":"MF FLOOR","alternateName":"MF FLOOR","url":"https:\/\/meettfit.com\/","logo":{"@type":"ImageObject","inLanguage":"de","@id":"https:\/\/meettfit.com\/#\/schema\/logo\/image\/","url":"https:\/\/meettfit.com\/wp-content\/uploads\/2025\/02\/cropped-icon.png","contentUrl":"https:\/\/meettfit.com\/wp-content\/uploads\/2025\/02\/cropped-icon.png","width":512,"height":512,"caption":"MF FLOOR"},"image":{"@id":"https:\/\/meettfit.com\/#\/schema\/logo\/image\/"},"sameAs":["https:\/\/www.facebook.com\/profile.php?id=100079773047357"]}]}},"_links":{"self":[{"href":"https:\/\/meettfit.com\/de\/wp-json\/wp\/v2\/pages\/559","targetHints":{"allow":["GET"]}}],"collection":[{"href":"https:\/\/meettfit.com\/de\/wp-json\/wp\/v2\/pages"}],"about":[{"href":"https:\/\/meettfit.com\/de\/wp-json\/wp\/v2\/types\/page"}],"author":[{"embeddable":true,"href":"https:\/\/meettfit.com\/de\/wp-json\/wp\/v2\/users\/1"}],"replies":[{"embeddable":true,"href":"https:\/\/meettfit.com\/de\/wp-json\/wp\/v2\/comments?post=559"}],"version-history":[{"count":17,"href":"https:\/\/meettfit.com\/de\/wp-json\/wp\/v2\/pages\/559\/revisions"}],"predecessor-version":[{"id":1020,"href":"https:\/\/meettfit.com\/de\/wp-json\/wp\/v2\/pages\/559\/revisions\/1020"}],"wp:attachment":[{"href":"https:\/\/meettfit.com\/de\/wp-json\/wp\/v2\/media?parent=559"}],"curies":[{"name":"wp","href":"https:\/\/api.w.org\/{rel}","templated":true}]}}